{"id":1356,"date":"2017-01-17T07:06:44","date_gmt":"2017-01-17T06:06:44","guid":{"rendered":"http:\/\/www.rv37.fr\/?page_id=1356"},"modified":"2019-10-22T06:54:05","modified_gmt":"2019-10-22T04:54:05","slug":"remerciements","status":"publish","type":"page","link":"http:\/\/www.rv37.fr\/?page_id=1356","title":{"rendered":"Remerciements"},"content":{"rendered":"<div style=\"background-repeat: no-repeat;\"><p>Particuliers, associations, sites institutionnels, biblioth\u00e8ques, mus\u00e9es,&#8230; soyez remerci\u00e9 pour votre aide ou les outils que vous maintenez et qui nous ont \u00e9t\u00e9 indispensables pour documenter notre site.<\/p>\n<ul>\n<li><a href=\"http:\/\/equipement.paris.fr\/bibliotheque-du-tourisme-et-des-voyages-germaine-tillion-btv-2880\" target=\"_blank\" rel=\"noopener noreferrer\">Biblioth\u00e8que du tourisme et des voyages<\/a> \u00e0 Paris pour leurs collections d&#8217;ouvrages: guides anciens, archives du TCF&#8230;<\/li>\n<li><a href=\"http:\/\/iradp-inventairesenligne.paris.fr\/\" target=\"_blank\" rel=\"noopener noreferrer\">Archives de Paris<\/a>&nbsp;et sites d\u00e9partementaux des archives num\u00e9ris\u00e9es pour les recherches g\u00e9n\u00e9alogiques.<\/li>\n<li><a href=\"http:\/\/www.servicehistorique.sga.defense.gouv.fr\/\" target=\"_blank\" rel=\"noopener noreferrer\">Service historique de la D\u00e9fense<\/a> pour les recherches g\u00e9n\u00e9alogiques sur les officiers.<\/li>\n<li>Les mus\u00e9es du v\u00e9lo et en particulier ceux de <a href=\"http:\/\/www.tournus.fr\/le-musee-du-velo\" target=\"_blank\" rel=\"noopener noreferrer\">Tournus<\/a>&nbsp;et de <a href=\"http:\/\/www.ccmsl.fr\/index.php\/tourisme\/musee-du-velo.html\" target=\"_blank\" rel=\"noopener noreferrer\">Moret<\/a>.<\/li>\n<li>Le site <a href=\"http:\/\/forum.tontonvelo.com\/\" target=\"_blank\" rel=\"noopener noreferrer\">Tonton v\u00e9lo<\/a> et son forum sur les v\u00e9los anciens.<\/li>\n<li>Mr Georges JAVEL, historien amateur sp\u00e9cialiste de La Turballe.<\/li>\n<li>Michel MEREJKOWSKY, collectionneur de tout sur le v\u00e9lo.<\/li>\n<li>St\u00e9phane COCHET grand contributeur sur le forum Tontonv\u00e9lo.<\/li>\n<li>Jeannine BERNARD amatrice d&#8217;art, chineuse de vieux tableaux.<\/li>\n<\/ul>\n<p style=\"padding-left: 330px;\">Les auteurs<\/p>\n<\/div>","protected":false},"excerpt":{"rendered":"<p>Particuliers, associations, sites institutionnels, biblioth\u00e8ques, mus\u00e9es,&#8230; soyez remerci\u00e9 pour votre aide ou les outils que vous maintenez et qui nous ont \u00e9t\u00e9 indispensables pour documenter notre site.<\/p>\n<p> Biblioth\u00e8que du tourisme et des voyages \u00e0 Paris pour leurs collections d&#8217;ouvrages: guides anciens, archives du TCF&#8230; Archives de Paris&nbsp;et sites d\u00e9partementaux des archives num\u00e9ris\u00e9es pour les recherches [&#8230;]<\/p>\n","protected":false},"author":1,"featured_media":0,"parent":104,"menu_order":0,"comment_status":"closed","ping_status":"closed","template":"","meta":{"ngg_post_thumbnail":0,"footnotes":""},"class_list":["post-1356","page","type-page","status-publish","hentry","odd"],"_links":{"self":[{"href":"http:\/\/www.rv37.fr\/index.php?rest_route=\/wp\/v2\/pages\/1356","targetHints":{"allow":["GET"]}}],"collection":[{"href":"http:\/\/www.rv37.fr\/index.php?rest_route=\/wp\/v2\/pages"}],"about":[{"href":"http:\/\/www.rv37.fr\/index.php?rest_route=\/wp\/v2\/types\/page"}],"author":[{"embeddable":true,"href":"http:\/\/www.rv37.fr\/index.php?rest_route=\/wp\/v2\/users\/1"}],"replies":[{"embeddable":true,"href":"http:\/\/www.rv37.fr\/index.php?rest_route=%2Fwp%2Fv2%2Fcomments&post=1356"}],"version-history":[{"count":6,"href":"http:\/\/www.rv37.fr\/index.php?rest_route=\/wp\/v2\/pages\/1356\/revisions"}],"predecessor-version":[{"id":3430,"href":"http:\/\/www.rv37.fr\/index.php?rest_route=\/wp\/v2\/pages\/1356\/revisions\/3430"}],"up":[{"embeddable":true,"href":"http:\/\/www.rv37.fr\/index.php?rest_route=\/wp\/v2\/pages\/104"}],"wp:attachment":[{"href":"http:\/\/www.rv37.fr\/index.php?rest_route=%2Fwp%2Fv2%2Fmedia&parent=1356"}],"curies":[{"name":"wp","href":"https:\/\/api.w.org\/{rel}","templated":true}]}}