{"id":1410,"date":"2017-01-19T08:43:05","date_gmt":"2017-01-19T07:43:05","guid":{"rendered":"http:\/\/www.rv37.fr\/?page_id=1410"},"modified":"2017-12-08T07:11:18","modified_gmt":"2017-12-08T06:11:18","slug":"cernay-la-ville","status":"publish","type":"page","link":"http:\/\/www.rv37.fr\/?page_id=1410","title":{"rendered":"Cernay-la-Ville"},"content":{"rendered":"<div style=\"background-repeat: no-repeat;\"><p>Cernay est un village de la Haute vall\u00e9e de Chevreuse accroch\u00e9 au plateau dominant les Vaux-de-Cernay. C&#8217;est la destination pr\u00e9f\u00e9r\u00e9e d&#8217;Henri dans les premi\u00e8res ann\u00e9es des carnets (voir <a href=\"http:\/\/www.rv37.fr\/?page_id=1773\">randonn\u00e9e<\/a>). S&#8217;y rencontre les cyclistes parisien \u00e0 v\u00e9lo, leurs amis\u00a0et de jeunes peintres qui arrivent en train\u00a0 \u00e0 la gare proche de Boulay-les-trous. Toute cette jeunesse \u00e9picurienne se retrouve le midi dans les auberges du village ou des Vaux et s&#8217;\u00e9parpille ensuite dans la nature. C&#8217;est probablement \u00e0 Cernay qu&#8217;Henri rencontra Auguste.<\/p>\n<p>Ci-apr\u00e8s un extrait du journal d&#8217;avril 1894 qui\u00a0d\u00e9crit bien l&#8217;int\u00e9r\u00eat du lieu:<\/p>\n<p><span style=\"color: #008000;\"><em>Aujourd\u2019hui, enfin, malgr\u00e9 un ciel de Novembre et quelques gouttes de pluie, nous sommes partis sept pour Cernay.<\/em><\/span><\/p>\n<p><span style=\"color: #008000;\"><em>Il y a l\u00e0 Hardel, Labouige, Bellanger, Dagnac etc, en un mot la bande rive gauche.<\/em><\/span><\/p>\n<p><span style=\"color: #008000;\"><em>Je prends la direction et je fais passer la caravane par Versailles et Dampierre o\u00f9 nous prenons l\u2019absinthe. Une partie de pav\u00e9 qui pr\u00e9c\u00e8de Voisins-le-Bretonneux a disparu. Le temps, toujours maussade, se maintient. Le vent est au Nord et nous donne de l\u2019espoir. Plusieurs de nos compagnons sont novices et nous n\u2019arrivons que vers midi un quart chez L\u00e9opold.<\/em><\/span><\/p>\n<p><span style=\"color: #008000;\"><em>Je fais pour cette fois une guerre \u00e0 Avril, la plupart de mes amis \u2013des peintres, tenant \u00e0 descendre chez L\u00e9opold.<\/em><\/span><\/p>\n<p><span style=\"color: #008000;\"><em>On y est d\u2019ailleurs fort bien mais le d\u00e9jeuner est de 3 F plus le caf\u00e9. Apr\u00e8s quelques \u00e9bats dans un champ voisin, nous allons aux Vaux. Toujours d\u00e9licieux ce coin\u00a0! Dagnac reconna\u00eet l\u2019endroit qui lui a servi de mod\u00e8le pour son premier salon.<\/em><\/span><\/p>\n<p><span style=\"color: #008000;\"><em>Il est pr\u00e8s de quatre heures lorsque nous repartons. Nous passons par St R\u00e9my et Buc. Dans la descente de Chateaufort, Hardel perd une p\u00e9dale et trouve aussit\u00f4t une superbe b\u00fbche\u00a0; co\u00fbt un beau gnon au genou et une p\u00e9dale fauss\u00e9e.<\/em><\/span><\/p>\n<p><span style=\"color: #008000;\"><em>A Versailles nous engloutissons fromage sur pain et pain sur fromage et nous n\u2019arrivons \u00e0 Paris qu\u2019\u00e0 la nuit tombante. Il est huit heures lorsque je rentre Boulevard Raspail.<\/em><\/span><\/p>\n<p>et un extrait d&#8217;une revue:<\/p>\n<object class=\"vanilla-pdf-embed\" data=\"http:\/wp-content\/uploads\/documents\/cernay.pdf#page=1&view=FitH\" type=\"application\/pdf\" width=\"700\" height=\"900\">\n    <p><a href=\"http:\/wp-content\/uploads\/documents\/cernay.pdf\">Download the PDF file Cernay.<\/a><\/p>\n<\/object>\n<p>&nbsp;<\/p>\n<\/div>","protected":false},"excerpt":{"rendered":"<p>Cernay est un village de la Haute vall\u00e9e de Chevreuse accroch\u00e9 au plateau dominant les Vaux-de-Cernay. C&#8217;est la destination pr\u00e9f\u00e9r\u00e9e d&#8217;Henri dans les premi\u00e8res ann\u00e9es des carnets (voir randonn\u00e9e). S&#8217;y rencontre les cyclistes parisien \u00e0 v\u00e9lo, leurs amis et de jeunes peintres qui arrivent en train \u00e0 la gare proche de Boulay-les-trous. Toute cette jeunesse [&#8230;]<\/p>\n","protected":false},"author":1,"featured_media":0,"parent":1407,"menu_order":0,"comment_status":"open","ping_status":"closed","template":"","meta":{"ngg_post_thumbnail":0,"footnotes":""},"class_list":["post-1410","page","type-page","status-publish","hentry","odd"],"_links":{"self":[{"href":"http:\/\/www.rv37.fr\/index.php?rest_route=\/wp\/v2\/pages\/1410","targetHints":{"allow":["GET"]}}],"collection":[{"href":"http:\/\/www.rv37.fr\/index.php?rest_route=\/wp\/v2\/pages"}],"about":[{"href":"http:\/\/www.rv37.fr\/index.php?rest_route=\/wp\/v2\/types\/page"}],"author":[{"embeddable":true,"href":"http:\/\/www.rv37.fr\/index.php?rest_route=\/wp\/v2\/users\/1"}],"replies":[{"embeddable":true,"href":"http:\/\/www.rv37.fr\/index.php?rest_route=%2Fwp%2Fv2%2Fcomments&post=1410"}],"version-history":[{"count":8,"href":"http:\/\/www.rv37.fr\/index.php?rest_route=\/wp\/v2\/pages\/1410\/revisions"}],"predecessor-version":[{"id":1781,"href":"http:\/\/www.rv37.fr\/index.php?rest_route=\/wp\/v2\/pages\/1410\/revisions\/1781"}],"up":[{"embeddable":true,"href":"http:\/\/www.rv37.fr\/index.php?rest_route=\/wp\/v2\/pages\/1407"}],"wp:attachment":[{"href":"http:\/\/www.rv37.fr\/index.php?rest_route=%2Fwp%2Fv2%2Fmedia&parent=1410"}],"curies":[{"name":"wp","href":"https:\/\/api.w.org\/{rel}","templated":true}]}}