{"id":1507,"date":"2017-02-04T16:52:01","date_gmt":"2017-02-04T15:52:01","guid":{"rendered":"http:\/\/www.rv37.fr\/?page_id=1507"},"modified":"2017-05-13T08:06:32","modified_gmt":"2017-05-13T06:06:32","slug":"les-maisons-dhenri","status":"publish","type":"page","link":"http:\/\/www.rv37.fr\/?page_id=1507","title":{"rendered":"Les demeures d&#8217;Henri"},"content":{"rendered":"<div style=\"background-repeat: no-repeat;\"><p>Henri est n\u00e9 \u00e0 Charenton-le-Pont, commune limitrophe \u00e0 l&#8217;est de Paris. Ses parents r\u00e9sidaient au 2 rue des Ecoles aujourd&#8217;hui rue du g\u00e9n\u00e9ral Leclerc.\u00a0\u00a0L&#8217;appartement de Charenton semble avoir \u00e9t\u00e9 occup\u00e9 ensuite par une de ses s\u0153urs (30\/4\/1893, mention d&#8217;un beau fr\u00e8re).<\/p>\n<div id=\"attachment_1508\" style=\"width: 650px\" class=\"wp-caption aligncenter\"><img loading=\"lazy\" decoding=\"async\" aria-describedby=\"caption-attachment-1508\" class=\"wp-image-1508 size-large\" src=\"http:\/\/www.rv37.fr\/wp-content\/uploads\/2017\/02\/2-rue-des-\u00e9coles-charenton-1024x835-1024x835.jpg\" width=\"640\" height=\"522\" srcset=\"http:\/\/www.rv37.fr\/wp-content\/uploads\/2017\/02\/2-rue-des-\u00e9coles-charenton-1024x835.jpg 1024w, http:\/\/www.rv37.fr\/wp-content\/uploads\/2017\/02\/2-rue-des-\u00e9coles-charenton-1024x835-300x245.jpg 300w, http:\/\/www.rv37.fr\/wp-content\/uploads\/2017\/02\/2-rue-des-\u00e9coles-charenton-1024x835-768x626.jpg 768w, http:\/\/www.rv37.fr\/wp-content\/uploads\/2017\/02\/2-rue-des-\u00e9coles-charenton-1024x835-150x122.jpg 150w, http:\/\/www.rv37.fr\/wp-content\/uploads\/2017\/02\/2-rue-des-\u00e9coles-charenton-1024x835-400x326.jpg 400w\" sizes=\"auto, (max-width: 640px) 100vw, 640px\" \/><p id=\"caption-attachment-1508\" class=\"wp-caption-text\">2 rue des \u00e9coles Charenton<\/p><\/div>\n<p>\u00a0Ils viendront s&#8217;installer \u00e0 Paris dans le 4\u00e8me arrondissement au 156 rue St Antoine (aujourd&#8217;hui, 73 de la m\u00eame rue). Cette adresse est mentionn\u00e9e sur les papiers militaires d&#8217;Henri.<\/p>\n<p>&nbsp;<\/p>\n<p>&nbsp;<\/p>\n<div id=\"attachment_1519\" style=\"width: 650px\" class=\"wp-caption aligncenter\"><img loading=\"lazy\" decoding=\"async\" aria-describedby=\"caption-attachment-1519\" class=\"wp-image-1519 size-large\" src=\"http:\/\/www.rv37.fr\/wp-content\/uploads\/2017\/02\/ST-Antoine73_DSC02365-682x1024-682x1024.jpg\" width=\"640\" height=\"961\" srcset=\"http:\/\/www.rv37.fr\/wp-content\/uploads\/2017\/02\/ST-Antoine73_DSC02365-682x1024.jpg 682w, http:\/\/www.rv37.fr\/wp-content\/uploads\/2017\/02\/ST-Antoine73_DSC02365-682x1024-200x300.jpg 200w, http:\/\/www.rv37.fr\/wp-content\/uploads\/2017\/02\/ST-Antoine73_DSC02365-682x1024-100x150.jpg 100w, http:\/\/www.rv37.fr\/wp-content\/uploads\/2017\/02\/ST-Antoine73_DSC02365-682x1024-400x601.jpg 400w\" sizes=\"auto, (max-width: 640px) 100vw, 640px\" \/><p id=\"caption-attachment-1519\" class=\"wp-caption-text\">156 (73) rue St Antoine<\/p><\/div>\n<p>&nbsp;<\/p>\n<p><a id=\"au37\"><\/a>C&#8217;est en 1896 qu&#8217;apparait la premi\u00e8re mention du 37 : &#8220;<span style=\"color: #008000;\"><em>nous \u00e9tions six au rendez-vous du 37 le 14 Ao\u00fbt<\/em><\/span>&#8221; il y habite probablement depuis peu car son v\u00e9lo sera r\u00e9cup\u00e9r\u00e9 en avril rue St Antoine.<\/p>\n<p><div id=\"attachment_1510\" style=\"width: 650px\" class=\"wp-caption aligncenter\"><img loading=\"lazy\" decoding=\"async\" aria-describedby=\"caption-attachment-1510\" class=\"wp-image-1510 size-large\" src=\"http:\/\/www.rv37.fr\/wp-content\/uploads\/2017\/02\/Barbusse37_DSC02357-1024x683-1024x683.jpg\" width=\"640\" height=\"427\" srcset=\"http:\/\/www.rv37.fr\/wp-content\/uploads\/2017\/02\/Barbusse37_DSC02357-1024x683.jpg 1024w, http:\/\/www.rv37.fr\/wp-content\/uploads\/2017\/02\/Barbusse37_DSC02357-1024x683-300x200.jpg 300w, http:\/\/www.rv37.fr\/wp-content\/uploads\/2017\/02\/Barbusse37_DSC02357-1024x683-768x512.jpg 768w, http:\/\/www.rv37.fr\/wp-content\/uploads\/2017\/02\/Barbusse37_DSC02357-1024x683-150x100.jpg 150w, http:\/\/www.rv37.fr\/wp-content\/uploads\/2017\/02\/Barbusse37_DSC02357-1024x683-400x267.jpg 400w\" sizes=\"auto, (max-width: 640px) 100vw, 640px\" \/><p id=\"caption-attachment-1510\" class=\"wp-caption-text\">La fa\u00e7ade du 37<\/p><\/div> <div id=\"attachment_1511\" style=\"width: 650px\" class=\"wp-caption aligncenter\"><img loading=\"lazy\" decoding=\"async\" aria-describedby=\"caption-attachment-1511\" class=\"wp-image-1511 size-large\" src=\"http:\/\/www.rv37.fr\/wp-content\/uploads\/2017\/02\/Barbusse37_DSC02359-1024x683-1024x683.jpg\" width=\"640\" height=\"427\" srcset=\"http:\/\/www.rv37.fr\/wp-content\/uploads\/2017\/02\/Barbusse37_DSC02359-1024x683.jpg 1024w, http:\/\/www.rv37.fr\/wp-content\/uploads\/2017\/02\/Barbusse37_DSC02359-1024x683-300x200.jpg 300w, http:\/\/www.rv37.fr\/wp-content\/uploads\/2017\/02\/Barbusse37_DSC02359-1024x683-768x512.jpg 768w, http:\/\/www.rv37.fr\/wp-content\/uploads\/2017\/02\/Barbusse37_DSC02359-1024x683-150x100.jpg 150w, http:\/\/www.rv37.fr\/wp-content\/uploads\/2017\/02\/Barbusse37_DSC02359-1024x683-400x267.jpg 400w\" sizes=\"auto, (max-width: 640px) 100vw, 640px\" \/><p id=\"caption-attachment-1511\" class=\"wp-caption-text\">L&#8217;acc\u00e8s \u00e0 la cour<\/p><\/div> <div id=\"attachment_1515\" style=\"width: 650px\" class=\"wp-caption aligncenter\"><img loading=\"lazy\" decoding=\"async\" aria-describedby=\"caption-attachment-1515\" class=\"size-large wp-image-1515\" src=\"http:\/\/www.rv37.fr\/wp-content\/uploads\/2017\/02\/Barbusse37_DSC02364-1024x683-1024x683.jpg\" alt=\"\" width=\"640\" height=\"427\" srcset=\"http:\/\/www.rv37.fr\/wp-content\/uploads\/2017\/02\/Barbusse37_DSC02364-1024x683.jpg 1024w, http:\/\/www.rv37.fr\/wp-content\/uploads\/2017\/02\/Barbusse37_DSC02364-1024x683-300x200.jpg 300w, http:\/\/www.rv37.fr\/wp-content\/uploads\/2017\/02\/Barbusse37_DSC02364-1024x683-768x512.jpg 768w, http:\/\/www.rv37.fr\/wp-content\/uploads\/2017\/02\/Barbusse37_DSC02364-1024x683-150x100.jpg 150w, http:\/\/www.rv37.fr\/wp-content\/uploads\/2017\/02\/Barbusse37_DSC02364-1024x683-400x267.jpg 400w\" sizes=\"auto, (max-width: 640px) 100vw, 640px\" \/><p id=\"caption-attachment-1515\" class=\"wp-caption-text\">La cour du 37 et ses ateliers d&#8217;artiste<\/p><\/div><\/p>\n<p>Il semblerait qu&#8217;Henri ait choisi de s&#8217;installer \u00e0 cette adresse pour y retrouver ses amis peintre : Bellanger, Labouige et Dagnac (voir le carnet du 5 avril\u00a01896) qui doivent occuper un ou plusieurs ateliers. Le t\u00e9l\u00e9gramme \u00e0 cette m\u00eame date, envoy\u00e9 par les 4 comparses \u00e0 l&#8217;attention de Bellanger, Labouige et Dagnac prouve que ces derniers habitent au 37 avec leurs compagnes\u00a0et que Henri vit seul.<\/p>\n<p>Si les peintres occupent les ateliers dans la cour, Henri doit habiter un appartement de l&#8217;immeuble sur la rue. En 1899 il \u00e9crit : &#8220;<span style=\"color: #008000;\"><em>Ma machine sur le dos, je descends mon escalier, et elle p\u00e8se ma machine.&#8221; <\/em><\/span>il habite donc \u00e0 l&#8217;\u00e9tage et non en rez de jardin.<\/p>\n<p>La concierge de l&#8217;immeuble, la <strong>&#8220;m\u00e8re&#8221; Baudin<\/strong> est souvent cit\u00e9e. Elle lui pr\u00eate son r\u00e9veil avant les d\u00e9parts et s&#8217;occupe de son chat &#8220;Minouche&#8221; et des plantes, qu&#8217;il a oubli\u00e9 d&#8217;arroser, pendant ses absences!<\/p>\n<div id=\"attachment_1513\" style=\"width: 650px\" class=\"wp-caption aligncenter\"><img loading=\"lazy\" decoding=\"async\" aria-describedby=\"caption-attachment-1513\" class=\"size-large wp-image-1513\" src=\"http:\/\/www.rv37.fr\/wp-content\/uploads\/2017\/02\/Barbusse37_DSC02361-683x1024-683x1024.jpg\" alt=\"\" width=\"640\" height=\"960\" srcset=\"http:\/\/www.rv37.fr\/wp-content\/uploads\/2017\/02\/Barbusse37_DSC02361-683x1024.jpg 683w, http:\/\/www.rv37.fr\/wp-content\/uploads\/2017\/02\/Barbusse37_DSC02361-683x1024-200x300.jpg 200w, http:\/\/www.rv37.fr\/wp-content\/uploads\/2017\/02\/Barbusse37_DSC02361-683x1024-100x150.jpg 100w, http:\/\/www.rv37.fr\/wp-content\/uploads\/2017\/02\/Barbusse37_DSC02361-683x1024-400x600.jpg 400w\" sizes=\"auto, (max-width: 640px) 100vw, 640px\" \/><p id=\"caption-attachment-1513\" class=\"wp-caption-text\">L&#8217;int\u00e9rieur d&#8217;un atelier<\/p><\/div>\n<p>Henry habitera cette r\u00e9sidence au moins jusqu&#8217;en 1910 (dernier carnet).<\/p>\n<p>Le 6 juillet 1918, il se marie avec Jos\u00e9phine Drabb\u00e9 qui habite au 71 rue du Cardinal Lemoine dans le 5\u00e8me.<\/p>\n<p><div id=\"attachment_1518\" style=\"width: 650px\" class=\"wp-caption aligncenter\"><img loading=\"lazy\" decoding=\"async\" aria-describedby=\"caption-attachment-1518\" class=\"size-large wp-image-1518\" src=\"http:\/\/www.rv37.fr\/wp-content\/uploads\/2017\/02\/Lemoine71_DSC02371-682x1024-682x1024.jpg\" alt=\"\" width=\"640\" height=\"961\" srcset=\"http:\/\/www.rv37.fr\/wp-content\/uploads\/2017\/02\/Lemoine71_DSC02371-682x1024.jpg 682w, http:\/\/www.rv37.fr\/wp-content\/uploads\/2017\/02\/Lemoine71_DSC02371-682x1024-200x300.jpg 200w, http:\/\/www.rv37.fr\/wp-content\/uploads\/2017\/02\/Lemoine71_DSC02371-682x1024-100x150.jpg 100w, http:\/\/www.rv37.fr\/wp-content\/uploads\/2017\/02\/Lemoine71_DSC02371-682x1024-400x601.jpg 400w\" sizes=\"auto, (max-width: 640px) 100vw, 640px\" \/><p id=\"caption-attachment-1518\" class=\"wp-caption-text\">L&#8217;acc\u00e8s au 71 rue du Cardinal Lemoine<\/p><\/div> <div id=\"attachment_1516\" style=\"width: 650px\" class=\"wp-caption aligncenter\"><img loading=\"lazy\" decoding=\"async\" aria-describedby=\"caption-attachment-1516\" class=\"size-large wp-image-1516\" src=\"http:\/\/www.rv37.fr\/wp-content\/uploads\/2017\/02\/Lemoine71_-1024x683-1024x683.jpg\" alt=\"\" width=\"640\" height=\"427\" srcset=\"http:\/\/www.rv37.fr\/wp-content\/uploads\/2017\/02\/Lemoine71_-1024x683.jpg 1024w, http:\/\/www.rv37.fr\/wp-content\/uploads\/2017\/02\/Lemoine71_-1024x683-300x200.jpg 300w, http:\/\/www.rv37.fr\/wp-content\/uploads\/2017\/02\/Lemoine71_-1024x683-768x512.jpg 768w, http:\/\/www.rv37.fr\/wp-content\/uploads\/2017\/02\/Lemoine71_-1024x683-150x100.jpg 150w, http:\/\/www.rv37.fr\/wp-content\/uploads\/2017\/02\/Lemoine71_-1024x683-400x267.jpg 400w\" sizes=\"auto, (max-width: 640px) 100vw, 640px\" \/><p id=\"caption-attachment-1516\" class=\"wp-caption-text\">L&#8217;hotel particulier du 71<\/p><\/div> <div id=\"attachment_1517\" style=\"width: 650px\" class=\"wp-caption aligncenter\"><img loading=\"lazy\" decoding=\"async\" aria-describedby=\"caption-attachment-1517\" class=\"size-large wp-image-1517\" src=\"http:\/\/www.rv37.fr\/wp-content\/uploads\/2017\/02\/Lemoine71_DSC02368-1024x683-1024x683.jpg\" alt=\"\" width=\"640\" height=\"427\" srcset=\"http:\/\/www.rv37.fr\/wp-content\/uploads\/2017\/02\/Lemoine71_DSC02368-1024x683.jpg 1024w, http:\/\/www.rv37.fr\/wp-content\/uploads\/2017\/02\/Lemoine71_DSC02368-1024x683-300x200.jpg 300w, http:\/\/www.rv37.fr\/wp-content\/uploads\/2017\/02\/Lemoine71_DSC02368-1024x683-768x512.jpg 768w, http:\/\/www.rv37.fr\/wp-content\/uploads\/2017\/02\/Lemoine71_DSC02368-1024x683-150x100.jpg 150w, http:\/\/www.rv37.fr\/wp-content\/uploads\/2017\/02\/Lemoine71_DSC02368-1024x683-400x267.jpg 400w\" sizes=\"auto, (max-width: 640px) 100vw, 640px\" \/><p id=\"caption-attachment-1517\" class=\"wp-caption-text\">Les communs et \u00e9curies am\u00e9nag\u00e9s<\/p><\/div><\/p>\n<p>A la fin de sa vie Henri habite pr\u00e8s du jardin du Luxembourg au 13 rue M\u00e9dicis dans le 5\u00e8me.<\/p>\n<p>Il y d\u00e9c\u00e8de le 15 janvier 1947<\/p>\n<div id=\"attachment_1509\" style=\"width: 650px\" class=\"wp-caption aligncenter\"><img loading=\"lazy\" decoding=\"async\" aria-describedby=\"caption-attachment-1509\" class=\"size-large wp-image-1509\" src=\"http:\/\/www.rv37.fr\/wp-content\/uploads\/2017\/02\/13-rue-medicis-768x1024-768x1024.jpg\" alt=\"\" width=\"640\" height=\"853\" srcset=\"http:\/\/www.rv37.fr\/wp-content\/uploads\/2017\/02\/13-rue-medicis-768x1024.jpg 768w, http:\/\/www.rv37.fr\/wp-content\/uploads\/2017\/02\/13-rue-medicis-768x1024-225x300.jpg 225w, http:\/\/www.rv37.fr\/wp-content\/uploads\/2017\/02\/13-rue-medicis-768x1024-113x150.jpg 113w, http:\/\/www.rv37.fr\/wp-content\/uploads\/2017\/02\/13-rue-medicis-768x1024-400x533.jpg 400w\" sizes=\"auto, (max-width: 640px) 100vw, 640px\" \/><p id=\"caption-attachment-1509\" class=\"wp-caption-text\">13 rue M\u00e9dicis<\/p><\/div>\n<p>Henri poss\u00e9dais aussi une maison \u00e0 La Turballe pr\u00e8s de ses amis Bellanger et Boinet.<\/p>\n<p>Henri repose au P\u00e8re Lachaise<\/p>\n<p><div id=\"attachment_1893\" style=\"width: 310px\" class=\"wp-caption alignright\"><img loading=\"lazy\" decoding=\"async\" aria-describedby=\"caption-attachment-1893\" class=\"size-medium wp-image-1893\" src=\"http:\/\/www.rv37.fr\/wp-content\/uploads\/2017\/02\/DSC03003-1024x998-300x292.jpg\" alt=\"\" width=\"300\" height=\"292\" srcset=\"http:\/\/www.rv37.fr\/wp-content\/uploads\/2017\/02\/DSC03003-1024x998-300x292.jpg 300w, http:\/\/www.rv37.fr\/wp-content\/uploads\/2017\/02\/DSC03003-1024x998-768x749.jpg 768w, http:\/\/www.rv37.fr\/wp-content\/uploads\/2017\/02\/DSC03003-1024x998.jpg 1024w, http:\/\/www.rv37.fr\/wp-content\/uploads\/2017\/02\/DSC03003-1024x998-150x146.jpg 150w, http:\/\/www.rv37.fr\/wp-content\/uploads\/2017\/02\/DSC03003-1024x998-400x390.jpg 400w\" sizes=\"auto, (max-width: 300px) 100vw, 300px\" \/><p id=\"caption-attachment-1893\" class=\"wp-caption-text\">Henri repose avec sa femme Jo<\/p><\/div> <div id=\"attachment_1892\" style=\"width: 510px\" class=\"wp-caption alignleft\"><img loading=\"lazy\" decoding=\"async\" aria-describedby=\"caption-attachment-1892\" class=\"wp-image-1892\" src=\"http:\/\/www.rv37.fr\/wp-content\/uploads\/2017\/02\/DSC03001-683x1024-e1494655406887-683x1024.jpg\" alt=\"\" width=\"500\" height=\"750\" srcset=\"http:\/\/www.rv37.fr\/wp-content\/uploads\/2017\/02\/DSC03001-683x1024-e1494655406887.jpg 683w, http:\/\/www.rv37.fr\/wp-content\/uploads\/2017\/02\/DSC03001-683x1024-e1494655406887-200x300.jpg 200w, http:\/\/www.rv37.fr\/wp-content\/uploads\/2017\/02\/DSC03001-683x1024-e1494655406887-100x150.jpg 100w, http:\/\/www.rv37.fr\/wp-content\/uploads\/2017\/02\/DSC03001-683x1024-e1494655406887-400x600.jpg 400w\" sizes=\"auto, (max-width: 500px) 100vw, 500px\" \/><p id=\"caption-attachment-1892\" class=\"wp-caption-text\">La tombe familiale<\/p><\/div><\/p>\n<p>&nbsp;<\/p>\n<\/div>","protected":false},"excerpt":{"rendered":"<p>Henri est n\u00e9 \u00e0 Charenton-le-Pont, commune limitrophe \u00e0 l&#8217;est de Paris. Ses parents r\u00e9sidaient au 2 rue des Ecoles aujourd&#8217;hui rue du g\u00e9n\u00e9ral Leclerc. L&#8217;appartement de Charenton semble avoir \u00e9t\u00e9 occup\u00e9 ensuite par une de ses s\u0153urs (30\/4\/1893, mention d&#8217;un beau fr\u00e8re).<\/p>\n<p id=\"caption-attachment-1508\" class=\"wp-caption-text\">2 rue des \u00e9coles Charenton<\/p>\n<p> Ils viendront s&#8217;installer \u00e0 Paris [&#8230;]<\/p>\n","protected":false},"author":1,"featured_media":0,"parent":1407,"menu_order":0,"comment_status":"closed","ping_status":"closed","template":"","meta":{"ngg_post_thumbnail":0,"footnotes":""},"class_list":["post-1507","page","type-page","status-publish","hentry","odd"],"_links":{"self":[{"href":"http:\/\/www.rv37.fr\/index.php?rest_route=\/wp\/v2\/pages\/1507","targetHints":{"allow":["GET"]}}],"collection":[{"href":"http:\/\/www.rv37.fr\/index.php?rest_route=\/wp\/v2\/pages"}],"about":[{"href":"http:\/\/www.rv37.fr\/index.php?rest_route=\/wp\/v2\/types\/page"}],"author":[{"embeddable":true,"href":"http:\/\/www.rv37.fr\/index.php?rest_route=\/wp\/v2\/users\/1"}],"replies":[{"embeddable":true,"href":"http:\/\/www.rv37.fr\/index.php?rest_route=%2Fwp%2Fv2%2Fcomments&post=1507"}],"version-history":[{"count":14,"href":"http:\/\/www.rv37.fr\/index.php?rest_route=\/wp\/v2\/pages\/1507\/revisions"}],"predecessor-version":[{"id":1894,"href":"http:\/\/www.rv37.fr\/index.php?rest_route=\/wp\/v2\/pages\/1507\/revisions\/1894"}],"up":[{"embeddable":true,"href":"http:\/\/www.rv37.fr\/index.php?rest_route=\/wp\/v2\/pages\/1407"}],"wp:attachment":[{"href":"http:\/\/www.rv37.fr\/index.php?rest_route=%2Fwp%2Fv2%2Fmedia&parent=1507"}],"curies":[{"name":"wp","href":"https:\/\/api.w.org\/{rel}","templated":true}]}}