{"id":1549,"date":"2017-02-05T22:42:47","date_gmt":"2017-02-05T21:42:47","guid":{"rendered":"http:\/\/www.rv37.fr\/?page_id=1549"},"modified":"2018-02-10T09:12:40","modified_gmt":"2018-02-10T08:12:40","slug":"les-peintres","status":"publish","type":"page","link":"http:\/\/www.rv37.fr\/?page_id=1549","title":{"rendered":"Les peintres"},"content":{"rendered":"<div style=\"background-repeat: no-repeat;\"><p>&nbsp;<\/p>\n<div id=\"attachment_1568\" style=\"width: 207px\" class=\"wp-caption alignright\"><img loading=\"lazy\" decoding=\"async\" aria-describedby=\"caption-attachment-1568\" width=\"197\" height=\"300\" class=\"wp-image-1568 size-medium\" src=\"http:\/\/www.rv37.fr\/wp-content\/uploads\/2017\/02\/blanche_roboa_epouse_dagnac_son_mari_leur_fille_odette_9_mois_blanche_roboa_nee_morizet_large-197x300.jpg\" srcset=\"http:\/\/www.rv37.fr\/wp-content\/uploads\/2017\/02\/blanche_roboa_epouse_dagnac_son_mari_leur_fille_odette_9_mois_blanche_roboa_nee_morizet_large-197x300.jpg 197w, http:\/\/www.rv37.fr\/wp-content\/uploads\/2017\/02\/blanche_roboa_epouse_dagnac_son_mari_leur_fille_odette_9_mois_blanche_roboa_nee_morizet_large-98x150.jpg 98w, http:\/\/www.rv37.fr\/wp-content\/uploads\/2017\/02\/blanche_roboa_epouse_dagnac_son_mari_leur_fille_odette_9_mois_blanche_roboa_nee_morizet_large.jpg 314w\" sizes=\"auto, (max-width: 197px) 100vw, 197px\" \/><p id=\"caption-attachment-1568\" class=\"wp-caption-text\">Charles, Blanche et leur fille Odette<\/p><\/div>\n<p>Henri ne semble pas \u00eatre attir\u00e9 par la peinture par contre il se passionne pour la photographie. Par ses balades dominicales \u00e0 v\u00e9lo, il va rencontrer de jeunes peintres, pour la plupart naturalistes,&nbsp;et se lier d&#8217;amiti\u00e9 avec eux. Bon nombre d&#8217;entre eux viendront ensuite l&#8217;accompagner dans ses randonn\u00e9es.<\/p>\n<p>&nbsp;<\/p>\n<p><a href=\"\/?page_id=1410\">Cernay et les Vaux<\/a>: C&#8217;est le lieu de rencontre de la jeunesse Parisienne. A une trentaine de km de la capitale, on y vient \u00e0 v\u00e9lo ou depuis Boulay-les-Trous par le train (aujourd&#8217;hui RER B, qui allait \u00e0 l&#8217;\u00e9poque jusqu&#8217;\u00e0 Limours)&nbsp;puis en voiture (\u00e0 cheval). On mange, on rit, on boit chez L\u00e9opold ou chez Avril puis on s&#8217;\u00e9parpille dans la nature, qui pour peindre, qui pour une sieste bien m\u00e9rit\u00e9e. Le 14 juin 1896 Henri \u00e9crit : &#8220;<em><span style=\"color: #008000;\">Apr\u00e8s d\u00e9jeuner nous allons nous vautrer aux Vaux o\u00f9 je roupille pendant que Courboin fait une \u00e9tude<\/span><\/em>&#8220;. C&#8217;est probablement \u00e0 Cernay qu&#8217;Henri rencontra Auguste Bellanger.<\/p>\n<p>Grez-sur-Loing: non loin de Barbizon et de la for\u00eat de Fontainebleau. Henri se rendra quelque fois \u00e0 Grez accompagn\u00e9 de Gondolo qui loue un pied \u00e0 terre. De nombreux peintres de l&#8217;\u00e9cole dite &#8220;de Barbizon&#8221; son h\u00e9berg\u00e9s dans le village.<\/p>\n<h3>Les proches<\/h3>\n<p><a href=\"\/?page_id=42\"><strong>Auguste Bellanger<\/strong> <\/a>bien s\u00fbr (voir page).<\/p>\n<p><strong>Charles Dagnac<\/strong> (1864-1945) est un peintre de compositions \u00e0 personnages, sujets typiques, figures, paysages, natures mortes, peintre \u00e0 la gouache et \u00e0 l&#8217;huile. Il a peint des sujets inspir\u00e9s par la vie orientale et ses personnages typiques : Port turc &#8211; Les Raccommodeurs de tapis&#8230; premi\u00e8re apparition en avril 1894.<\/p>\n<p><img loading=\"lazy\" decoding=\"async\" width=\"171\" height=\"300\" class=\"wp-image-1552 size-medium alignleft\" src=\"http:\/\/www.rv37.fr\/wp-content\/uploads\/2017\/02\/dagnac-paysage-avec-une-barque-171x300.jpg\" srcset=\"http:\/\/www.rv37.fr\/wp-content\/uploads\/2017\/02\/dagnac-paysage-avec-une-barque-171x300.jpg 171w, http:\/\/www.rv37.fr\/wp-content\/uploads\/2017\/02\/dagnac-paysage-avec-une-barque-85x150.jpg 85w, http:\/\/www.rv37.fr\/wp-content\/uploads\/2017\/02\/dagnac-paysage-avec-une-barque.jpg 347w\" sizes=\"auto, (max-width: 171px) 100vw, 171px\" \/><\/p>\n<p><img loading=\"lazy\" decoding=\"async\" width=\"300\" height=\"242\" class=\"size-medium wp-image-1551 alignleft\" alt=\"\" src=\"http:\/\/www.rv37.fr\/wp-content\/uploads\/2017\/02\/DAGNAC-1-300x242.jpg\" srcset=\"http:\/\/www.rv37.fr\/wp-content\/uploads\/2017\/02\/DAGNAC-1.jpg 300w, http:\/\/www.rv37.fr\/wp-content\/uploads\/2017\/02\/DAGNAC-1-150x121.jpg 150w\" sizes=\"auto, (max-width: 300px) 100vw, 300px\" \/><img loading=\"lazy\" decoding=\"async\" width=\"300\" height=\"198\" class=\"size-medium wp-image-1550 alignleft\" alt=\"\" src=\"http:\/\/www.rv37.fr\/wp-content\/uploads\/2017\/02\/dagnac_riviere_charles-embouchure_du_trieux-300x198.jpg\" srcset=\"http:\/\/www.rv37.fr\/wp-content\/uploads\/2017\/02\/dagnac_riviere_charles-embouchure_du_trieux.jpg 300w, http:\/\/www.rv37.fr\/wp-content\/uploads\/2017\/02\/dagnac_riviere_charles-embouchure_du_trieux-150x99.jpg 150w\" sizes=\"auto, (max-width: 300px) 100vw, 300px\" \/><\/p>\n<p>&nbsp;<\/p>\n<p>&nbsp;<\/p>\n<p>&nbsp;<\/p>\n<p>&nbsp;<\/p>\n<p>&nbsp;<\/p>\n<p>&nbsp;<\/p>\n<p>&nbsp;<\/p>\n<p>&nbsp;<\/p>\n<p>&nbsp;<\/p>\n<p>&nbsp;<\/p>\n<p>&nbsp;<\/p>\n<p><strong>Blanche Morizet<\/strong> (1878-1945) vit au 37 aupr\u00e8s de Charles Dagnac et l&#8217;\u00e9pouse en 1900. Elle d\u00e9couvre le v\u00e9lo en 1896 et accompagne la bande de gar\u00e7ons en randonn\u00e9e en Bretagne. Artiste peintre elle signe sous le nom de Roboa.<\/p>\n<div id=\"attachment_1569\" style=\"width: 206px\" class=\"wp-caption alignleft\"><img loading=\"lazy\" decoding=\"async\" aria-describedby=\"caption-attachment-1569\" width=\"196\" height=\"240\" class=\"wp-image-1569\" src=\"http:\/\/www.rv37.fr\/wp-content\/uploads\/2017\/02\/ROBOA_Flore-245x300.jpg\" srcset=\"http:\/\/www.rv37.fr\/wp-content\/uploads\/2017\/02\/ROBOA_Flore-245x300.jpg 245w, http:\/\/www.rv37.fr\/wp-content\/uploads\/2017\/02\/ROBOA_Flore-768x942.jpg 768w, http:\/\/www.rv37.fr\/wp-content\/uploads\/2017\/02\/ROBOA_Flore-835x1024.jpg 835w, http:\/\/www.rv37.fr\/wp-content\/uploads\/2017\/02\/ROBOA_Flore-122x150.jpg 122w, http:\/\/www.rv37.fr\/wp-content\/uploads\/2017\/02\/ROBOA_Flore-400x491.jpg 400w, http:\/\/www.rv37.fr\/wp-content\/uploads\/2017\/02\/ROBOA_Flore.jpg 1304w\" sizes=\"auto, (max-width: 196px) 100vw, 196px\" \/><p id=\"caption-attachment-1569\" class=\"wp-caption-text\">Roboa : Flore<\/p><\/div>\n<p><img loading=\"lazy\" decoding=\"async\" width=\"267\" height=\"200\" class=\"wp-image-1570 alignleft\" src=\"http:\/\/www.rv37.fr\/wp-content\/uploads\/2017\/02\/roboa1-300x225.jpg\" srcset=\"http:\/\/www.rv37.fr\/wp-content\/uploads\/2017\/02\/roboa1-300x225.jpg 300w, http:\/\/www.rv37.fr\/wp-content\/uploads\/2017\/02\/roboa1-150x112.jpg 150w, http:\/\/www.rv37.fr\/wp-content\/uploads\/2017\/02\/roboa1-400x300.jpg 400w, http:\/\/www.rv37.fr\/wp-content\/uploads\/2017\/02\/roboa1.jpg 634w\" sizes=\"auto, (max-width: 267px) 100vw, 267px\" \/> <img loading=\"lazy\" decoding=\"async\" width=\"201\" height=\"240\" class=\"wp-image-1571 alignleft\" src=\"http:\/\/www.rv37.fr\/wp-content\/uploads\/2017\/02\/roboa3-251x300.jpg\" srcset=\"http:\/\/www.rv37.fr\/wp-content\/uploads\/2017\/02\/roboa3-251x300.jpg 251w, http:\/\/www.rv37.fr\/wp-content\/uploads\/2017\/02\/roboa3-768x918.jpg 768w, http:\/\/www.rv37.fr\/wp-content\/uploads\/2017\/02\/roboa3-856x1024.jpg 856w, http:\/\/www.rv37.fr\/wp-content\/uploads\/2017\/02\/roboa3-125x150.jpg 125w, http:\/\/www.rv37.fr\/wp-content\/uploads\/2017\/02\/roboa3-400x478.jpg 400w, http:\/\/www.rv37.fr\/wp-content\/uploads\/2017\/02\/roboa3.jpg 1338w\" sizes=\"auto, (max-width: 201px) 100vw, 201px\" \/><\/p>\n<p>&nbsp;<\/p>\n<p>&nbsp;<\/p>\n<p>&nbsp;<\/p>\n<p>&nbsp;<\/p>\n<p>&nbsp;<\/p>\n<p>&nbsp;<\/p>\n<p>&nbsp;<\/p>\n<p>&nbsp;<\/p>\n<p>&nbsp;<\/p>\n<p>&nbsp;<\/p>\n<p>&nbsp;<\/p>\n<div id=\"attachment_2639\" style=\"width: 215px\" class=\"wp-caption alignright\"><img loading=\"lazy\" decoding=\"async\" aria-describedby=\"caption-attachment-2639\" width=\"205\" height=\"300\" class=\"wp-image-2639 size-medium\" alt=\"\" src=\"http:\/\/www.rv37.fr\/wp-content\/uploads\/2018\/02\/fernand-decoprez-205x300.jpg\" srcset=\"http:\/\/www.rv37.fr\/wp-content\/uploads\/2018\/02\/fernand-decoprez-205x300.jpg 205w, http:\/\/www.rv37.fr\/wp-content\/uploads\/2018\/02\/fernand-decoprez-103x150.jpg 103w, http:\/\/www.rv37.fr\/wp-content\/uploads\/2018\/02\/fernand-decoprez.jpg 348w\" sizes=\"auto, (max-width: 205px) 100vw, 205px\" \/><p id=\"caption-attachment-2639\" class=\"wp-caption-text\">Extrait d&#8217;un catalogue d&#8217;exposition<\/p><\/div>\n<p>&nbsp;<\/p>\n<p><strong>L\u00e9o Labouige<\/strong> (dit Bouffi): premi\u00e8re apparition en avril 1894.<\/p>\n<p>Auguste, Charles et L\u00e9o habiteront les ateliers du 37 durant quelques ann\u00e9es.<\/p>\n<p><strong>Fernand Decoprez<\/strong> (1860-1906): premi\u00e8re apparition en avril 1896. Poss\u00e9de une maison \u00e0 Bois-le-Roi en lisi\u00e8re de la for\u00eat de Fontainebleau. Henri et Fernand y feront de nombreuses balades. Henri sera tr\u00e8s affect\u00e9 par la disparition de Fernand en 1906.<\/p>\n<p>&nbsp;<\/p>\n<h3>Autres artistes<\/h3>\n<p><strong>Eug\u00e8ne Courboin<\/strong> : Rencontr\u00e9 \u00e0 Cernay en 1896 puis par hasard vers Gu\u00e9rande en 1907. Eug\u00e8ne Courboin est un peintre illustrateur, graveur et dessinateur<br \/>\n El\u00e8ve de Bonnat et Coninck, il a expos\u00e9 au Salon \u00e0 partir de 1878, et illustr\u00e9 plusieurs nouvelles et romans par ses aquarelles.<\/p>\n<div id=\"attachment_1560\" style=\"width: 310px\" class=\"wp-caption alignleft\"><a href=\"#ppsShowPopUp_101\"><img loading=\"lazy\" decoding=\"async\" aria-describedby=\"caption-attachment-1560\" width=\"300\" height=\"283\" class=\"wp-image-1560 size-medium\" src=\"http:\/\/www.rv37.fr\/wp-content\/uploads\/2017\/02\/extrait-catalogue-socvi\u00e9t\u00e9-du-salon-automne-1904-300x283.png\" srcset=\"http:\/\/www.rv37.fr\/wp-content\/uploads\/2017\/02\/extrait-catalogue-socvi\u00e9t\u00e9-du-salon-automne-1904-300x283.png 300w, http:\/\/www.rv37.fr\/wp-content\/uploads\/2017\/02\/extrait-catalogue-socvi\u00e9t\u00e9-du-salon-automne-1904-768x724.png 768w, http:\/\/www.rv37.fr\/wp-content\/uploads\/2017\/02\/extrait-catalogue-socvi\u00e9t\u00e9-du-salon-automne-1904-150x141.png 150w, http:\/\/www.rv37.fr\/wp-content\/uploads\/2017\/02\/extrait-catalogue-socvi\u00e9t\u00e9-du-salon-automne-1904-400x377.png 400w, http:\/\/www.rv37.fr\/wp-content\/uploads\/2017\/02\/extrait-catalogue-socvi\u00e9t\u00e9-du-salon-automne-1904.png 1020w\" sizes=\"auto, (max-width: 300px) 100vw, 300px\" \/><\/a><p id=\"caption-attachment-1560\" class=\"wp-caption-text\">extrait du catalogue du salon d&#8217;automne 1904<\/p><\/div>\n<p>&nbsp;<\/p>\n<p>&nbsp;<\/p>\n<p>&nbsp;<\/p>\n<p><span style=\"color: #ff0000;\">&nbsp;<\/span><\/p>\n<p>&nbsp;<\/p>\n<p>&nbsp;<\/p>\n<p>&nbsp;<\/p>\n<\/div>","protected":false},"excerpt":{"rendered":"<p>&nbsp;<\/p>\n<p id=\"caption-attachment-1568\" class=\"wp-caption-text\">Charles, Blanche et leur fille Odette<\/p>\n<p>Henri ne semble pas \u00eatre attir\u00e9 par la peinture par contre il se passionne pour la photographie. Par ses balades dominicales \u00e0 v\u00e9lo, il va rencontrer de jeunes peintres, pour la plupart naturalistes,&nbsp;et se lier d&#8217;amiti\u00e9 avec eux. Bon nombre d&#8217;entre eux viendront ensuite l&#8217;accompagner dans [&#8230;]<\/p>\n","protected":false},"author":1,"featured_media":0,"parent":14,"menu_order":0,"comment_status":"open","ping_status":"closed","template":"","meta":{"ngg_post_thumbnail":0,"footnotes":""},"class_list":["post-1549","page","type-page","status-publish","hentry","odd"],"_links":{"self":[{"href":"http:\/\/www.rv37.fr\/index.php?rest_route=\/wp\/v2\/pages\/1549","targetHints":{"allow":["GET"]}}],"collection":[{"href":"http:\/\/www.rv37.fr\/index.php?rest_route=\/wp\/v2\/pages"}],"about":[{"href":"http:\/\/www.rv37.fr\/index.php?rest_route=\/wp\/v2\/types\/page"}],"author":[{"embeddable":true,"href":"http:\/\/www.rv37.fr\/index.php?rest_route=\/wp\/v2\/users\/1"}],"replies":[{"embeddable":true,"href":"http:\/\/www.rv37.fr\/index.php?rest_route=%2Fwp%2Fv2%2Fcomments&post=1549"}],"version-history":[{"count":14,"href":"http:\/\/www.rv37.fr\/index.php?rest_route=\/wp\/v2\/pages\/1549\/revisions"}],"predecessor-version":[{"id":6711,"href":"http:\/\/www.rv37.fr\/index.php?rest_route=\/wp\/v2\/pages\/1549\/revisions\/6711"}],"up":[{"embeddable":true,"href":"http:\/\/www.rv37.fr\/index.php?rest_route=\/wp\/v2\/pages\/14"}],"wp:attachment":[{"href":"http:\/\/www.rv37.fr\/index.php?rest_route=%2Fwp%2Fv2%2Fmedia&parent=1549"}],"curies":[{"name":"wp","href":"https:\/\/api.w.org\/{rel}","templated":true}]}}