{"id":1576,"date":"2017-02-10T07:42:19","date_gmt":"2017-02-10T06:42:19","guid":{"rendered":"http:\/\/www.rv37.fr\/?page_id=1576"},"modified":"2017-12-08T07:11:10","modified_gmt":"2017-12-08T06:11:10","slug":"la-banque-offroy","status":"publish","type":"page","link":"http:\/\/www.rv37.fr\/?page_id=1576","title":{"rendered":"La Banque Offroy"},"content":{"rendered":"<div style=\"background-repeat: no-repeat;\"><div id=\"attachment_1577\" style=\"width: 210px\" class=\"wp-caption alignleft\"><img loading=\"lazy\" decoding=\"async\" aria-describedby=\"caption-attachment-1577\" class=\"size-medium wp-image-1577\" src=\"http:\/\/www.rv37.fr\/wp-content\/uploads\/2017\/02\/banque-Offroy-200x300.jpg\" alt=\"\" width=\"200\" height=\"300\" srcset=\"http:\/\/www.rv37.fr\/wp-content\/uploads\/2017\/02\/banque-Offroy-200x300.jpg 200w, http:\/\/www.rv37.fr\/wp-content\/uploads\/2017\/02\/banque-Offroy-768x1153.jpg 768w, http:\/\/www.rv37.fr\/wp-content\/uploads\/2017\/02\/banque-Offroy-682x1024.jpg 682w, http:\/\/www.rv37.fr\/wp-content\/uploads\/2017\/02\/banque-Offroy-100x150.jpg 100w, http:\/\/www.rv37.fr\/wp-content\/uploads\/2017\/02\/banque-Offroy-400x601.jpg 400w\" sizes=\"auto, (max-width: 200px) 100vw, 200px\" \/><p id=\"caption-attachment-1577\" class=\"wp-caption-text\">Facade de la banque Offroy-Guiard<\/p><\/div>\n<p>Le si\u00e8ge de la Banque Offroy se situait au 60 de la rue du Faubourg Poissonni\u00e8re \u00e0 Paris.<\/p>\n<p>Sous le Second Empire, la banque Offroy Fouchet et Cie est install\u00e9e au 58 rue d\u2019Hauteville (Paris). Dans les documents, sont mentionn\u00e9s comme banquiers\u00a0: \u00ab\u00a0Offroy Fouchet &amp; Cie\u00a0\u00bb (lettre de 1860)\u00a0; la \u00ab\u00a0Soci\u00e9t\u00e9 Offroy et compagnie\u00a0\u00bb (1879)\u00a0; et la \u00ab\u00a0Soci\u00e9t\u00e9 Offroy, Guiard et compagnie\u00a0\u00bb (1895).<\/p>\n<p>&nbsp;<\/p>\n<p>&nbsp;<\/p>\n<\/div>","protected":false},"excerpt":{"rendered":"<p id=\"caption-attachment-1577\" class=\"wp-caption-text\">Facade de la banque Offroy-Guiard<\/p>\n<p>Le si\u00e8ge de la Banque Offroy se situait au 60 de la rue du Faubourg Poissonni\u00e8re \u00e0 Paris.<\/p>\n<p>Sous le Second Empire, la banque Offroy Fouchet et Cie est install\u00e9e au 58 rue d\u2019Hauteville (Paris). Dans les documents, sont mentionn\u00e9s comme banquiers : \u00ab Offroy Fouchet &amp; Cie [&#8230;]<\/p>\n","protected":false},"author":1,"featured_media":0,"parent":1407,"menu_order":0,"comment_status":"open","ping_status":"closed","template":"","meta":{"ngg_post_thumbnail":0,"footnotes":""},"class_list":["post-1576","page","type-page","status-publish","hentry","odd"],"_links":{"self":[{"href":"http:\/\/www.rv37.fr\/index.php?rest_route=\/wp\/v2\/pages\/1576","targetHints":{"allow":["GET"]}}],"collection":[{"href":"http:\/\/www.rv37.fr\/index.php?rest_route=\/wp\/v2\/pages"}],"about":[{"href":"http:\/\/www.rv37.fr\/index.php?rest_route=\/wp\/v2\/types\/page"}],"author":[{"embeddable":true,"href":"http:\/\/www.rv37.fr\/index.php?rest_route=\/wp\/v2\/users\/1"}],"replies":[{"embeddable":true,"href":"http:\/\/www.rv37.fr\/index.php?rest_route=%2Fwp%2Fv2%2Fcomments&post=1576"}],"version-history":[{"count":4,"href":"http:\/\/www.rv37.fr\/index.php?rest_route=\/wp\/v2\/pages\/1576\/revisions"}],"predecessor-version":[{"id":2781,"href":"http:\/\/www.rv37.fr\/index.php?rest_route=\/wp\/v2\/pages\/1576\/revisions\/2781"}],"up":[{"embeddable":true,"href":"http:\/\/www.rv37.fr\/index.php?rest_route=\/wp\/v2\/pages\/1407"}],"wp:attachment":[{"href":"http:\/\/www.rv37.fr\/index.php?rest_route=%2Fwp%2Fv2%2Fmedia&parent=1576"}],"curies":[{"name":"wp","href":"https:\/\/api.w.org\/{rel}","templated":true}]}}