{"id":1588,"date":"2017-02-11T08:26:50","date_gmt":"2017-02-11T07:26:50","guid":{"rendered":"http:\/\/www.rv37.fr\/?page_id=1588"},"modified":"2024-12-10T10:08:29","modified_gmt":"2024-12-10T09:08:29","slug":"emile-hardel","status":"publish","type":"page","link":"http:\/\/www.rv37.fr\/?page_id=1588","title":{"rendered":"Emile Hardel"},"content":{"rendered":"<div style=\"background-repeat: no-repeat;\"><p>Henri rencontre<strong> Emile Hardel&nbsp;<\/strong> pendant son Service militaire en 1892. Cantonn\u00e9s \u00e0 Maubeuge, ils profitent de quelques moments de libert\u00e9 pour partir ensemble \u00e0 v\u00e9lo sur les routes de l&#8217;Avesnois. R\u00e9siderait \u00e0 Paris rue de la Tombe-Issoire 2\/93). Embrouille en 1895 (derni\u00e8re apparition 23\/6) &nbsp;et retrouvailles le 2\/8\/98.&nbsp; &nbsp;Surnomm\u00e9 Schaunard en r\u00e9f\u00e9rence au personnage du livre de Henri Murger \u00ab Sc\u00e8nes de la vie de Boh\u00e8me \u00bb.Poss\u00e8de un \u00ab chantier \u00bb (29\/10\/93). Le brevet retrouv\u00e9 pourrait laisser supposer qu&#8217;il \u00e9tait menuisier ou \u00e9b\u00e9niste, en tout cas un inventeur digne du concours L\u00e9pine!<\/p>\n<div id=\"attachment_1589\" style=\"width: 617px\" class=\"wp-caption aligncenter\"><img loading=\"lazy\" decoding=\"async\" aria-describedby=\"caption-attachment-1589\" class=\"wp-image-1589\" src=\"http:\/\/www.rv37.fr\/wp-content\/uploads\/2017\/02\/fig1.jpg\" alt=\"\" width=\"607\" height=\"406\" srcset=\"http:\/\/www.rv37.fr\/wp-content\/uploads\/2017\/02\/fig1.jpg 936w, http:\/\/www.rv37.fr\/wp-content\/uploads\/2017\/02\/fig1-300x201.jpg 300w, http:\/\/www.rv37.fr\/wp-content\/uploads\/2017\/02\/fig1-768x514.jpg 768w, http:\/\/www.rv37.fr\/wp-content\/uploads\/2017\/02\/fig1-150x100.jpg 150w, http:\/\/www.rv37.fr\/wp-content\/uploads\/2017\/02\/fig1-400x268.jpg 400w\" sizes=\"auto, (max-width: 607px) 100vw, 607px\" \/><p id=\"caption-attachment-1589\" class=\"wp-caption-text\">Brevet d\u00e9pos\u00e9 par E. Hardel<\/p><\/div>\n<p>Mari\u00e9 \u00e0 Yvonne Beck (1868-1955) fille d&#8217;un armateur Dunkerquois, rencontr\u00e9e probablement sur un chantier naval familial. Le couple s&#8217;installera \u00e0 Fontenay-aux-Roses dans une maison \u00e0 colombage (construite peut-\u00eatre par lui-m\u00eame!).<\/p>\n<\/div>","protected":false},"excerpt":{"rendered":"<p>Henri rencontre Emile Hardel&nbsp; pendant son Service militaire en 1892. Cantonn\u00e9s \u00e0 Maubeuge, ils profitent de quelques moments de libert\u00e9 pour partir ensemble \u00e0 v\u00e9lo sur les routes de l&#8217;Avesnois. R\u00e9siderait \u00e0 Paris rue de la Tombe-Issoire 2\/93). Embrouille en 1895 (derni\u00e8re apparition 23\/6) &nbsp;et retrouvailles le 2\/8\/98.&nbsp; &nbsp;Surnomm\u00e9 Schaunard en r\u00e9f\u00e9rence au personnage du [&#8230;]<\/p>\n","protected":false},"author":1,"featured_media":0,"parent":35,"menu_order":0,"comment_status":"open","ping_status":"closed","template":"","meta":{"ngg_post_thumbnail":0,"footnotes":""},"class_list":["post-1588","page","type-page","status-publish","hentry","odd"],"_links":{"self":[{"href":"http:\/\/www.rv37.fr\/index.php?rest_route=\/wp\/v2\/pages\/1588","targetHints":{"allow":["GET"]}}],"collection":[{"href":"http:\/\/www.rv37.fr\/index.php?rest_route=\/wp\/v2\/pages"}],"about":[{"href":"http:\/\/www.rv37.fr\/index.php?rest_route=\/wp\/v2\/types\/page"}],"author":[{"embeddable":true,"href":"http:\/\/www.rv37.fr\/index.php?rest_route=\/wp\/v2\/users\/1"}],"replies":[{"embeddable":true,"href":"http:\/\/www.rv37.fr\/index.php?rest_route=%2Fwp%2Fv2%2Fcomments&post=1588"}],"version-history":[{"count":5,"href":"http:\/\/www.rv37.fr\/index.php?rest_route=\/wp\/v2\/pages\/1588\/revisions"}],"predecessor-version":[{"id":6751,"href":"http:\/\/www.rv37.fr\/index.php?rest_route=\/wp\/v2\/pages\/1588\/revisions\/6751"}],"up":[{"embeddable":true,"href":"http:\/\/www.rv37.fr\/index.php?rest_route=\/wp\/v2\/pages\/35"}],"wp:attachment":[{"href":"http:\/\/www.rv37.fr\/index.php?rest_route=%2Fwp%2Fv2%2Fmedia&parent=1588"}],"curies":[{"name":"wp","href":"https:\/\/api.w.org\/{rel}","templated":true}]}}