{"id":1937,"date":"2017-07-06T07:20:44","date_gmt":"2017-07-06T05:20:44","guid":{"rendered":"http:\/\/www.rv37.fr\/?page_id=1937"},"modified":"2017-07-06T07:22:05","modified_gmt":"2017-07-06T05:22:05","slug":"henri-et-les-enfants","status":"publish","type":"page","link":"http:\/\/www.rv37.fr\/?page_id=1937","title":{"rendered":"Henri et les enfants"},"content":{"rendered":"<div style=\"background-repeat: no-repeat;\"><p><span style=\"font-size: 14pt;\"><strong>Henri n&#8217;est pas un fanatique des enfants.<\/strong><\/span> Une phrase \u00e0 elle seule r\u00e9sume cela : \u00ab\u00a0<span style=\"color: #339966;\"><em>Et, en les voyant arriver, je commence \u00e0 comprendre pourquoi j\u2019ai horreur des enfants, moi qui n\u2019ait pu les juger que par ces neveux ou ni\u00e8ces plus assommants les uns que les autres.\u00a0<\/em><\/span>\u00bb (14 Juillet 1908)\u00a0; mais c&#8217;est peut-\u00eatre, aussi, faute de ne pas en avoir eu.<\/p>\n<p>On notera aussi \u00ab\u00a0<span style=\"color: #339966;\"><em>En traversant CAPDEVILLE, un chien excit\u00e9 par des enfants nous fait une chasse enrag\u00e9e.<\/em><\/span>\u00a0\u00bb (5 Juin 1894)\u00a0; \u00ab\u00a0<span style=\"color: #339966;\"><em>Apr\u00e8s un d\u00e9jeuner \u00e9court\u00e9 par l\u2019arriv\u00e9e de deux petits laiderons rouges \u2026<\/em><\/span>\u00a0\u00bb (12 Juillet 1903)\u00a0; \u00ab\u00a0<span style=\"color: #339966;\"><em>Ah\u00a0! le sale train\u00a0! A LA BAULE pr\u00e8s d\u2019une heure d\u2019attente, au milieu d\u2019une l\u00e9gion d\u2019\u00e9coliers en balade. Nous sommes en suite ou 8 dans mon compartiment dont 3 gosses. Un d\u2019eux dort avec obstination sur moi.\u00a0<\/em><\/span>\u00bb (14 Juillet 1903)\u00a0; \u00ab\u00a0<span style=\"color: #339966;\"><em>Je ne crois pas \u00eatre suspect de bienveillance exag\u00e9r\u00e9e \u00e0 l\u2019\u00e9gard de la gente lardonif\u00e8re.<\/em><\/span>\u00a0\u00bb (1\u00b0 Juillet 1906)\u00a0; \u00ab\u00a0<span style=\"color: #339966;\"><em>Dans mon compartiment \u2026 les lardons qu\u2019on a install\u00e9 aupr\u00e8s de moi me forcent \u00e0 me recroqueviller dans mon coin et m\u2019emb\u00eatent. J\u2019ai du moins la consolation d\u2019en voir un rouler par terre du c\u00f4t\u00e9 de SAUMUR. H\u00e9las, il ne se tue pas\u00a0!\u00a0<\/em><\/span>\u00bb (13 Juillet 1906)\u00a0; \u00ab\u00a0<span style=\"color: #339966;\"><em>A HERIC \u2026 une brute d\u2019enfant, malgr\u00e9 les exhortations de sa m\u00e8re, veut absolument se faire \u00e9craser par moi. Je r\u00e9siste, freine et descends \u00e0 10 centim\u00e8tres de ce [\u00a0?] en poussant un \u00ab\u00a0tonnerre de Dieu\u00a0\u00bb qui me fait regarder de travers.\u00a0<\/em><\/span>\u00bb (15 Juillet 1906)\u00a0; \u00ab\u00a0<span style=\"color: #339966;\"><em>M\u2019man. Je veux manger\u00a0! je veux manger dis\u00a0! On d\u00e9jeune donc\u00a0; mon wagon de troisi\u00e8me surchauff\u00e9 se parfume de relents de victuailles vari\u00e9es.<\/em><\/span>\u00a0\u00bb (3 Ao\u00fbt 1907)\u00a0;\u00a0 \u00ab\u00a0<em>Je vais d\u00e9jeuner chez Hardel o\u00f9 je trouve Tissot, un ancien artilleur du 2\u00b0, maintenant pourvu d\u2019une femme gentille et de 4 enfants tous plus assommants les uns que les autres. L\u2019ain\u00e9 s\u2019amuse \u00e0 faire man\u0153uvrer mon V\u00e9rascope et le d\u00e9traque naturellement.<\/em>\u00a0\u00bb (18 octobre 1908).<\/p>\n<p><span style=\"font-size: 14pt;\"><strong>Mais il peut se montrer tendre avec des enfants =<\/strong><\/span><\/p>\n<p>\u00ab\u00a0<span style=\"color: #339966;\"><em>Je demande du papier et commence une lettre \u00e0 ma ni\u00e8ce Jeanne qui m\u2019a \u00e9crit la veille. Je lui raconte toute cette premi\u00e8re partie de mon voyage et lui promets de continuer \u00e0 chaque ville o\u00f9 je passerai.\u00a0<\/em><\/span>\u00bb (14 Ao\u00fbt 1892)\u00a0; \u00ab\u00a0<span style=\"color: #339966;\"><em>C\u2019est la sortie de l\u2019\u00e9cole et toute la marmaille de PIERREFITTE est en admiration devant nos tibias. Tout \u00e0 coup, une petite fille s\u2019\u00e9crie\u00a0: quelle guigne\u00a0! avec l\u2019accent du terroir ce qui nous fait pouffer de rire.\u00a0<\/em><\/span>\u00bb (5 Juin 1894)\u00a0; \u00ab\u00a0<span style=\"color: #339966;\"><em>Nous partons \u00e0 7 H. Dans la rue jouent de petites filles\u00a0: elles aussi portent le costume du pays, absolument semblable \u00e0 celui des femmes dont on dirait des r\u00e9ductions. Elles sont gentilles \u00e0 croquer et Auguste est sur le point d\u2019en emporter une.<\/em><\/span>\u00a0\u00bb (2 Juin 1899)\u00a0; \u00ab\u00a0<span style=\"color: #339966;\"><em>Je fais ensuite plusieurs clich\u00e9s du jeune Jean-Michel \u2026 qui est gentil de frimousse et de caract\u00e8re. Il vous a un chic pour mettre un par un, du bout de ses doigts, ses petits pois dans sa cuiller, tout en observant la plus extr\u00eame gravit\u00e9, qui ne le c\u00e8de qu\u2019\u00e0 la dext\u00e9rit\u00e9 avec laquelle il bourre de pain un \u0153uf \u00e0 la coque.<\/em><\/span>\u00a0\u00bb (1\u00b0 Juillet 1906)\u00a0; \u00ab\u00a0<span style=\"color: #339966;\"><em>Je somnole quand la jeune Lucie p\u00e9n\u00e8tre dans ma chambre dans les bras de sa nounou et vient me dire bonjour. Il est probable que, si quelqu\u2019un lit ces lignes, il ne doutera gu\u00e8re qu\u2019il y a ici un enfant de 5 mois. C\u2019est qu\u2019aussi Lucie est un enfant mod\u00e8le que je n\u2019ai pas encore entendu pleurer une seule fois, qui dort toutes ses nuits et lorsqu\u2019elle ne dort point, reste tranquillement dans son dodo en gazouillant.\u00a0<\/em><\/span>\u00bb (14 Juillet 1908)\u00a0; \u00ab\u00a0<span style=\"color: #339966;\"><em>A 7 H, l\u2019infante Lucie vient dans ma chambre pour me surprendre dans mes ablutions. La jeune fille moderne ne doute de rien. Depuis deux mois que je l\u2019ai vue, elle s\u2019est beaucoup modifi\u00e9e mais est toujours la sagesse m\u00eame. M\u00eame la nuit prochaine, elle percera se premi\u00e8re dent et ne dormira gu\u00e8re de la nuit sans que nul ne s\u2019en doute.\u00a0<\/em><\/span>\u00bb (27 Septembre 1908).<\/p>\n<\/div>","protected":false},"excerpt":{"rendered":"<p>Henri n&#8217;est pas un fanatique des enfants. Une phrase \u00e0 elle seule r\u00e9sume cela : \u00ab Et, en les voyant arriver, je commence \u00e0 comprendre pourquoi j\u2019ai horreur des enfants, moi qui n\u2019ait pu les juger que par ces neveux ou ni\u00e8ces plus assommants les uns que les autres. \u00bb (14 Juillet 1908) ; mais [&#8230;]<\/p>\n","protected":false},"author":1,"featured_media":0,"parent":28,"menu_order":0,"comment_status":"closed","ping_status":"closed","template":"","meta":{"ngg_post_thumbnail":0,"footnotes":""},"class_list":["post-1937","page","type-page","status-publish","hentry","odd"],"_links":{"self":[{"href":"http:\/\/www.rv37.fr\/index.php?rest_route=\/wp\/v2\/pages\/1937","targetHints":{"allow":["GET"]}}],"collection":[{"href":"http:\/\/www.rv37.fr\/index.php?rest_route=\/wp\/v2\/pages"}],"about":[{"href":"http:\/\/www.rv37.fr\/index.php?rest_route=\/wp\/v2\/types\/page"}],"author":[{"embeddable":true,"href":"http:\/\/www.rv37.fr\/index.php?rest_route=\/wp\/v2\/users\/1"}],"replies":[{"embeddable":true,"href":"http:\/\/www.rv37.fr\/index.php?rest_route=%2Fwp%2Fv2%2Fcomments&post=1937"}],"version-history":[{"count":3,"href":"http:\/\/www.rv37.fr\/index.php?rest_route=\/wp\/v2\/pages\/1937\/revisions"}],"predecessor-version":[{"id":1940,"href":"http:\/\/www.rv37.fr\/index.php?rest_route=\/wp\/v2\/pages\/1937\/revisions\/1940"}],"up":[{"embeddable":true,"href":"http:\/\/www.rv37.fr\/index.php?rest_route=\/wp\/v2\/pages\/28"}],"wp:attachment":[{"href":"http:\/\/www.rv37.fr\/index.php?rest_route=%2Fwp%2Fv2%2Fmedia&parent=1937"}],"curies":[{"name":"wp","href":"https:\/\/api.w.org\/{rel}","templated":true}]}}