{"id":1948,"date":"2017-07-11T07:48:52","date_gmt":"2017-07-11T05:48:52","guid":{"rendered":"http:\/\/www.rv37.fr\/?page_id=1948"},"modified":"2020-07-08T08:07:46","modified_gmt":"2020-07-08T06:07:46","slug":"rouen-8-et-9-juin-1895","status":"publish","type":"page","link":"http:\/\/www.rv37.fr\/?page_id=1948","title":{"rendered":"Rouen 8 et 9 juin 1895"},"content":{"rendered":"<div style=\"background-repeat: no-repeat;\"><p>Les 8 et 9 juin Henri part de Paris en compagnie de L\u00e9o Labouige pour Rouen. Au retour, ils s&#8217;arr\u00eateront aux Mureaux o\u00f9 Labouige occupe une atelier d&#8217;artiste.&nbsp;<\/p>\n<h4>Extrait du carnet de 1895<\/h4>\n<object class=\"vanilla-pdf-embed\" data=\"http:\/wp-content\/uploads\/documents\/rouen-juin-1895.pdf#page=1&view=FitH\" type=\"application\/pdf\" width=\"700\" height=\"900\">\n    <p><a href=\"http:\/wp-content\/uploads\/documents\/rouen-juin-1895.pdf\">Download the PDF file Rouen.<\/a><\/p>\n<\/object>\n<h4>L&#8217;itin\u00e9raire sur carte d&#8217;\u00e9poque avec le retour<\/h4>\n<p>[map kml=&#8221;http:\/\/www.rv37.fr\/wp-content\/gpstraces\/1895-rouen.kmz&#8221; style=&#8221;width:800px; height:500px;border:2px solid black; margin:20px 20px 20px 20px;&#8221; z=&#8221;9&#8243;]<\/p>\n<p>&nbsp;<\/p>\n<p>&nbsp;<\/p>\n<\/div>","protected":false},"excerpt":{"rendered":"<p>Les 8 et 9 juin Henri part de Paris en compagnie de L\u00e9o Labouige pour Rouen. Au retour, ils s&#8217;arr\u00eateront aux Mureaux o\u00f9 Labouige occupe une atelier d&#8217;artiste.&nbsp;<\/p>\n<p> Extrait du carnet de 1895 <\/p>\n<p>Download the PDF file Rouen.<\/p>\n<p> L&#8217;itin\u00e9raire sur carte d&#8217;\u00e9poque avec le retour <\/p>\n<p>[map kml=&#8221;http:\/\/www.rv37.fr\/wp-content\/gpstraces\/1895-rouen.kmz&#8221; style=&#8221;width:800px; height:500px;border:2px solid black; margin:20px 20px 20px 20px;&#8221; [&#8230;]<\/p>\n","protected":false},"author":1,"featured_media":0,"parent":58,"menu_order":0,"comment_status":"closed","ping_status":"closed","template":"","meta":{"ngg_post_thumbnail":0,"footnotes":""},"class_list":["post-1948","page","type-page","status-publish","hentry","odd"],"_links":{"self":[{"href":"http:\/\/www.rv37.fr\/index.php?rest_route=\/wp\/v2\/pages\/1948","targetHints":{"allow":["GET"]}}],"collection":[{"href":"http:\/\/www.rv37.fr\/index.php?rest_route=\/wp\/v2\/pages"}],"about":[{"href":"http:\/\/www.rv37.fr\/index.php?rest_route=\/wp\/v2\/types\/page"}],"author":[{"embeddable":true,"href":"http:\/\/www.rv37.fr\/index.php?rest_route=\/wp\/v2\/users\/1"}],"replies":[{"embeddable":true,"href":"http:\/\/www.rv37.fr\/index.php?rest_route=%2Fwp%2Fv2%2Fcomments&post=1948"}],"version-history":[{"count":6,"href":"http:\/\/www.rv37.fr\/index.php?rest_route=\/wp\/v2\/pages\/1948\/revisions"}],"predecessor-version":[{"id":2052,"href":"http:\/\/www.rv37.fr\/index.php?rest_route=\/wp\/v2\/pages\/1948\/revisions\/2052"}],"up":[{"embeddable":true,"href":"http:\/\/www.rv37.fr\/index.php?rest_route=\/wp\/v2\/pages\/58"}],"wp:attachment":[{"href":"http:\/\/www.rv37.fr\/index.php?rest_route=%2Fwp%2Fv2%2Fmedia&parent=1948"}],"curies":[{"name":"wp","href":"https:\/\/api.w.org\/{rel}","templated":true}]}}