{"id":31,"date":"2016-09-22T09:59:48","date_gmt":"2016-09-22T07:59:48","guid":{"rendered":"http:\/\/www.rv37.fr\/?page_id=31"},"modified":"2020-03-20T08:41:46","modified_gmt":"2020-03-20T07:41:46","slug":"henri-andre","status":"publish","type":"page","link":"http:\/\/www.rv37.fr\/?page_id=31","title":{"rendered":"Henri Andr\u00e9"},"content":{"rendered":"<div style=\"background-repeat: no-repeat;\"><p><strong>Henri Andr\u00e9<\/strong> est n\u00e9 le 13 juillet 1868 \u00e0 Charenton-le-Pont de Alexandre Andr\u00e9 et Maria Chapellat. Il travaillera toute sa vie dans la banque Offroy-Guiard et C\u00b0 o\u00f9 il se liera d\u2019amiti\u00e9 avec Maxime Guiard qui l\u2019accompagnera dans plusieurs voyages.<\/p>\n<p>&nbsp;<\/p>\n<div id=\"attachment_1365\" style=\"width: 310px\" class=\"wp-caption alignleft\"><img loading=\"lazy\" decoding=\"async\" aria-describedby=\"caption-attachment-1365\" width=\"300\" height=\"200\" class=\"size-medium wp-image-1365\" alt=\"\" src=\"http:\/\/www.rv37.fr\/wp-content\/uploads\/2016\/09\/henri-P\u00e9gase-300x200.jpg\" srcset=\"http:\/\/www.rv37.fr\/wp-content\/uploads\/2016\/09\/henri-P\u00e9gase-300x200.jpg 300w, http:\/\/www.rv37.fr\/wp-content\/uploads\/2016\/09\/henri-P\u00e9gase-768x512.jpg 768w, http:\/\/www.rv37.fr\/wp-content\/uploads\/2016\/09\/henri-P\u00e9gase-150x100.jpg 150w, http:\/\/www.rv37.fr\/wp-content\/uploads\/2016\/09\/henri-P\u00e9gase-400x267.jpg 400w, http:\/\/www.rv37.fr\/wp-content\/uploads\/2016\/09\/henri-P\u00e9gase.jpg 900w\" sizes=\"auto, (max-width: 300px) 100vw, 300px\" \/><p id=\"caption-attachment-1365\" class=\"wp-caption-text\">Henri (de dos!) sur P\u00e9gase IV<\/p><\/div>\n<p>Henri ach\u00e8te son deuxi\u00e8me v\u00e9lo quand il commence \u00e0 r\u00e9diger ses m\u00e9moires en 1889 \u00e0 21 ans. Il entrainera dans sa passion d&#8217;abord des amis d&#8217;enfance comme Gondolo, puis ses coll\u00e8gues de la banque et enfin de jeunes peintres rencontr\u00e9s lors de balades \u00e0 Cernay ou Grez-sur-Loing. Le v\u00e9lo sera le ciment d&#8217;amiti\u00e9s sinc\u00e8res comme avec Gondolo Guiard&nbsp;et Bellanger.<\/p>\n<p>Il fait son service militaire dans le 2\u00e8me bataillon d\u2019artillerie de forteresse \u00e0 Maubeuge de novembre 1889 \u00e0 septembre 1892. Il en sort avec le grade de sous-chef artificier et sera plac\u00e9 dans la r\u00e9serve de l\u2019arm\u00e9e active. Il est rappel\u00e9 en mars 1916 mais obtient 5 sursis successifs (probablement gr\u00e2ce \u00e0 l\u2019intervention de Guiard) puis un sursis illimit\u00e9 en d\u00e9cembre 1917 et \u00e9chappe \u00e0 la boucherie. Il est lib\u00e9r\u00e9 le 15 novembre 1918.<\/p>\n<p>&nbsp;<\/p>\n<p>Henri est peu loquace sur sa vie amoureuse. Quelques aventures le freineront quelquefois dans la r\u00e9daction de ses carnets. Jos\u00e9phine Drabb\u00e9 (dite Jo) est mentionn\u00e9e une premi\u00e8re fois en 1896. Ils se marieront le 6 juillet 1918 mais ils vivaient d\u00e9j\u00e0 ensemble depuis des ann\u00e9es.<\/p>\n<p>&nbsp;<\/p>\n<div id=\"attachment_1364\" style=\"width: 140px\" class=\"wp-caption alignright\"><img loading=\"lazy\" decoding=\"async\" aria-describedby=\"caption-attachment-1364\" width=\"130\" height=\"130\" class=\"wp-image-1364 size-full\" src=\"http:\/\/www.rv37.fr\/wp-content\/uploads\/2016\/09\/riton.jpg\"><p id=\"caption-attachment-1364\" class=\"wp-caption-text\">Henri en 189<\/p><\/div>\n<p>&nbsp;<\/p>\n<p>Henri est un photographe amateur averti. Les albums de 1895 et 1896 sont illustr\u00e9s de ses clich\u00e9s. Comme tout bon photographe, il n&#8217;est pas sur les photos! Le portrait d&#8217;Henri sur cette page est le seul que je poss\u00e8de de lui; il a \u00e9t\u00e9 pris par un bon copain dans des conditions particuli\u00e8res (que vous pourrez d\u00e9couvrir dans le carnet de 1895)&nbsp;<\/p>\n<p>Il r\u00e9side tour \u00e0 tour au 156 rue Saint-Antoine (aujourd&#8217;hui 73) chez ses parents&nbsp;et au 37 rue Denfert (aujourd&#8217;hui 37 rue Henri Barbusse) puis \u00e0 partir de 1913 au 71 rue du cardinal Lemoine \u00e0 Paris.<\/p>\n<p>Il d\u00e9c\u00e8de le 15 janvier 1947 \u00e0 son domicile 13 rue de M\u00e9dicis. Il est enterr\u00e9 au P\u00e8re Lachaise<\/p>\n<p>[warning]<\/p>\n<p><span style=\"font-size: 12pt;\"><strong><span style=\"color: #ff0000; font-family: arial,helvetica,sans-serif;\">Ne pas confondre Henri avec son homonyme, coureur cycliste qui remport\u00e2t la course Paris-Bruxelles en 1893!!<\/span><\/strong><\/span><\/p>\n<p>[\/warning]<\/p>\n<\/div>","protected":false},"excerpt":{"rendered":"<p>Henri Andr\u00e9 est n\u00e9 le 13 juillet 1868 \u00e0 Charenton-le-Pont de Alexandre Andr\u00e9 et Maria Chapellat. Il travaillera toute sa vie dans la banque Offroy-Guiard et C\u00b0 o\u00f9 il se liera d\u2019amiti\u00e9 avec Maxime Guiard qui l\u2019accompagnera dans plusieurs voyages.<\/p>\n<p>&nbsp;<\/p>\n<p id=\"caption-attachment-1365\" class=\"wp-caption-text\">Henri (de dos!) sur P\u00e9gase IV<\/p>\n<p>Henri ach\u00e8te son deuxi\u00e8me v\u00e9lo quand [&#8230;]<\/p>\n","protected":false},"author":1,"featured_media":0,"parent":14,"menu_order":0,"comment_status":"open","ping_status":"closed","template":"","meta":{"ngg_post_thumbnail":0,"footnotes":""},"class_list":["post-31","page","type-page","status-publish","hentry","odd"],"_links":{"self":[{"href":"http:\/\/www.rv37.fr\/index.php?rest_route=\/wp\/v2\/pages\/31","targetHints":{"allow":["GET"]}}],"collection":[{"href":"http:\/\/www.rv37.fr\/index.php?rest_route=\/wp\/v2\/pages"}],"about":[{"href":"http:\/\/www.rv37.fr\/index.php?rest_route=\/wp\/v2\/types\/page"}],"author":[{"embeddable":true,"href":"http:\/\/www.rv37.fr\/index.php?rest_route=\/wp\/v2\/users\/1"}],"replies":[{"embeddable":true,"href":"http:\/\/www.rv37.fr\/index.php?rest_route=%2Fwp%2Fv2%2Fcomments&post=31"}],"version-history":[{"count":13,"href":"http:\/\/www.rv37.fr\/index.php?rest_route=\/wp\/v2\/pages\/31\/revisions"}],"predecessor-version":[{"id":3855,"href":"http:\/\/www.rv37.fr\/index.php?rest_route=\/wp\/v2\/pages\/31\/revisions\/3855"}],"up":[{"embeddable":true,"href":"http:\/\/www.rv37.fr\/index.php?rest_route=\/wp\/v2\/pages\/14"}],"wp:attachment":[{"href":"http:\/\/www.rv37.fr\/index.php?rest_route=%2Fwp%2Fv2%2Fmedia&parent=31"}],"curies":[{"name":"wp","href":"https:\/\/api.w.org\/{rel}","templated":true}]}}