{"id":33,"date":"2016-09-22T10:00:22","date_gmt":"2016-09-22T08:00:22","guid":{"rendered":"http:\/\/www.rv37.fr\/?page_id=33"},"modified":"2017-02-05T09:13:09","modified_gmt":"2017-02-05T08:13:09","slug":"famille-andre","status":"publish","type":"page","link":"http:\/\/www.rv37.fr\/?page_id=33","title":{"rendered":"Famille Andr\u00e9"},"content":{"rendered":"<div style=\"background-repeat: no-repeat;\"><p>Henri n&#8217;a pas eu d&#8217;enfant. En 1908 il \u00e9crit : <span style=\"color: #008000;\"><em>&#8220;&#8230; je commence par comprendre pourquoi j\u2019ai horreur des enfants, moi qui n\u2019ait pu les juger que par ces neveux ou ni\u00e8ces plus assommants les uns que les autres&#8230;&#8221;.<\/em><\/span><\/p>\n<p>Il a eu 3 s\u0153urs et un fr\u00e8re et \u00e0 ma connaissance 2 neveux et une ni\u00e8ce.<\/p>\n<p><strong>Lucie<\/strong> : n\u00e9e en 1854 \u00e0 Paris, mari\u00e9e \u00e0 Emile Auguste ROGER. Elle aura un fils <strong>Robert<\/strong> qui accompagnera quelque fois Henri, son oncle, \u00e0 v\u00e9lo. Robert d\u00e9c\u00e8de \u00e0 31 ans \u00e0 Vallauris. Lucie habite la maison familiale \u00e0 Charenton o\u00f9 Henri s&#8217;arr\u00eate quelquefois \u00e0 l&#8217;occasion d&#8217;une balade.\u00a0Pas de descendance trouv\u00e9e.<\/p>\n<p><strong>Blanche<\/strong> : n\u00e9e en 1855 \u00e0 Paris, mari\u00e9e \u00e0 Adolphe Carolus LEMAITRE. Elle aura une fille <strong>Jeanne<\/strong> avec qui Henri entretiendra une correspondance (voir 1892). Elle r\u00e9side \u00e0 Paris.<\/p>\n<p><strong>Berthe<\/strong> : n\u00e9e en 1857 \u00e0 Paris, mari\u00e9e \u00e0 Louis Antoine Auguste LABBE. Elle aura un fils <strong>Max<\/strong> Lucien Georges qui \u00e9pousera sa cousine Jeanne, veuve, en 2\u00e8me noce. Pas de descendance trouv\u00e9e.<\/p>\n<p><strong>Georges<\/strong>\u00a0\u00a0: n\u00e9 en 1858 \u00e0 Paris, mari\u00e9 \u00e0 Berthe Bruchon puis \u00e0 Louise X. Georges n&#8217;aurait pas eu d&#8217;enfant. R\u00e9side \u00e0 Houilles. Henri y rend souvent visite \u00e0 son fr\u00e8re.<\/p>\n<div id=\"attachment_230\" style=\"width: 310px\" class=\"wp-caption alignright\"><img loading=\"lazy\" decoding=\"async\" aria-describedby=\"caption-attachment-230\" class=\"wp-image-230 size-medium\" src=\"http:\/\/www.rv37.fr\/wp-content\/uploads\/2016\/09\/rue-st-antoine2-300x192.jpg\" alt=\"rue-st-antoine2\" width=\"300\" height=\"192\" srcset=\"http:\/\/www.rv37.fr\/wp-content\/uploads\/2016\/09\/rue-st-antoine2-300x192.jpg 300w, http:\/\/www.rv37.fr\/wp-content\/uploads\/2016\/09\/rue-st-antoine2-768x490.jpg 768w, http:\/\/www.rv37.fr\/wp-content\/uploads\/2016\/09\/rue-st-antoine2.jpg 971w\" sizes=\"auto, (max-width: 300px) 100vw, 300px\" \/><p id=\"caption-attachment-230\" class=\"wp-caption-text\">Rue Saint-Antoine<\/p><\/div>\n<p>Les <strong>parents Alexandre ANDRE et Maria CHAPELLAT<\/strong> se sont mari\u00e9 en 1853 probablement \u00e0 Paris o\u00f9 ils r\u00e9sident. A\u00a0la\u00a0naissance d&#8217;Henri ils habitent\u00a0\u00e0 Charenton. Quand Henri\u00a0commence l&#8217;\u00e9criture de\u00a0ses carnets, il r\u00e9side chez ses parents au 156 rue Saint-Antoine (aujourd&#8217;hui 73 de la m\u00eame rue &#8211; remani\u00e9e au d\u00e9but du XX<sup>\u00e8me<\/sup> si\u00e8cle) \u00e0 Paris (pr\u00e8s de la Bastille).<\/p>\n<p><strong>L&#8217;oncle Charles<\/strong>. D\u00e9c\u00e8s \u00e0 Paris en ao\u00fbt 1898 (voir carnet).<\/p>\n<p><strong>La tante X? : <\/strong>Les balades dans l&#8217;ouest de Paris sont l&#8217;occasion de s&#8217;arr\u00eater \u00e0 Versailles chez sa Tante (voir 1889, 1893, 1896 et 1899). Dans mes recherches je n&#8217;ai pas trouv\u00e9 trace de cette fameuse &#8220;Tante&#8221;. Si l&#8217;expression &#8220;chez ma tante&#8221; d\u00e9finit plut\u00f4t le mont de pi\u00e9t\u00e9, c&#8217;est peut-\u00eatre ici un moyen discret de d\u00e9signer un lieu peu avouable.<\/p>\n<p>&nbsp;<\/p>\n<p>&nbsp;<\/p>\n<p>&nbsp;<\/p>\n<p><span style=\"color: #000000; font-family: Times New Roman;\">\u00a0<\/span><\/p>\n<p>&nbsp;<\/p>\n<\/div>","protected":false},"excerpt":{"rendered":"<p>Henri n&#8217;a pas eu d&#8217;enfant. En 1908 il \u00e9crit : &#8220;&#8230; je commence par comprendre pourquoi j\u2019ai horreur des enfants, moi qui n\u2019ait pu les juger que par ces neveux ou ni\u00e8ces plus assommants les uns que les autres&#8230;&#8221;.<\/p>\n<p>Il a eu 3 s\u0153urs et un fr\u00e8re et \u00e0 ma connaissance 2 neveux et une [&#8230;]<\/p>\n","protected":false},"author":1,"featured_media":0,"parent":14,"menu_order":0,"comment_status":"closed","ping_status":"closed","template":"","meta":{"ngg_post_thumbnail":0,"footnotes":""},"class_list":["post-33","page","type-page","status-publish","hentry","odd"],"_links":{"self":[{"href":"http:\/\/www.rv37.fr\/index.php?rest_route=\/wp\/v2\/pages\/33","targetHints":{"allow":["GET"]}}],"collection":[{"href":"http:\/\/www.rv37.fr\/index.php?rest_route=\/wp\/v2\/pages"}],"about":[{"href":"http:\/\/www.rv37.fr\/index.php?rest_route=\/wp\/v2\/types\/page"}],"author":[{"embeddable":true,"href":"http:\/\/www.rv37.fr\/index.php?rest_route=\/wp\/v2\/users\/1"}],"replies":[{"embeddable":true,"href":"http:\/\/www.rv37.fr\/index.php?rest_route=%2Fwp%2Fv2%2Fcomments&post=33"}],"version-history":[{"count":7,"href":"http:\/\/www.rv37.fr\/index.php?rest_route=\/wp\/v2\/pages\/33\/revisions"}],"predecessor-version":[{"id":1537,"href":"http:\/\/www.rv37.fr\/index.php?rest_route=\/wp\/v2\/pages\/33\/revisions\/1537"}],"up":[{"embeddable":true,"href":"http:\/\/www.rv37.fr\/index.php?rest_route=\/wp\/v2\/pages\/14"}],"wp:attachment":[{"href":"http:\/\/www.rv37.fr\/index.php?rest_route=%2Fwp%2Fv2%2Fmedia&parent=33"}],"curies":[{"name":"wp","href":"https:\/\/api.w.org\/{rel}","templated":true}]}}