{"id":46,"date":"2016-09-22T10:10:12","date_gmt":"2016-09-22T08:10:12","guid":{"rendered":"http:\/\/www.rv37.fr\/?page_id=46"},"modified":"2017-12-08T10:01:01","modified_gmt":"2017-12-08T09:01:01","slug":"frederic-gondolo","status":"publish","type":"page","link":"http:\/\/www.rv37.fr\/?page_id=46","title":{"rendered":"Fr\u00e9d\u00e9ric Gondolo"},"content":{"rendered":"<div style=\"background-repeat: no-repeat;\"><p><strong>Fr\u00e9d\u00e9ric GONDOLO, dit Fredi ou Fred.<\/strong><\/p>\n<p>Il est le premier personnage \u00e0 appara\u00eetre dans les m\u00e9moires d&#8217;Henri d\u00e8s la premi\u00e8re balade d\u00e9crite du 6 janvier 1889. Fr\u00e9d\u00e9ric sera l&#8217;ami de toute une vie. Il n&#8217;est pas une ann\u00e9e sans qu&#8217;il n&#8217;y ait de randonn\u00e9e commune. Ils partagent le m\u00eame go\u00fbt de la bicyclette, de la rigolade et de la bonne chair. Ils travaillent tous les 2 dans le m\u00eame domaine commercial et financier et probablement dans la m\u00eame banque au d\u00e9but de ces aventures.\u00a0Il se peut qu&#8217;ils se soient connu tout jeunes car Charenton-le-Pont o\u00f9 a v\u00e9cu Henri et Champigny-sur-Marne o\u00f9 r\u00e9side Fr\u00e9d\u00e9ric en 1889 sont voisines.\u00a0Les recherches g\u00e9n\u00e9alogiques post\u00e9rieures aux ann\u00e9es du journal montrent qu&#8217;ils sont rest\u00e9s proche toute leurs vies puisqu&#8217;ils ont \u00e9t\u00e9 t\u00e9moins r\u00e9ciproques de leurs mariages.<\/p>\n<p>Fr\u00e9d\u00e9ric est n\u00e9 \u00e0 Paris en avril 1870. Il m\u00e8ne dans sa jeunesse une vie de boh\u00eame et vit librement avec <strong>Jeanne X?<\/strong> jusqu&#8217;en 1900. Il est r\u00e9put\u00e9 pour son manque de ponctualit\u00e9. C&#8217;est un amoureux du v\u00e9lo \u00e0 tel point qu&#8217;il effectuera son service militaire comme v\u00e9locip\u00e9diste. Il sera sur le front d&#8217;ao\u00fbt \u00e0 d\u00e9cembre 1914 puis sera r\u00e9form\u00e9 pour ob\u00e9sit\u00e9 et emphys\u00e8me.<\/p>\n<p>Il devient ce qu&#8217;on appellerait aujourd&#8217;hui un &#8220;geek&#8221;. Il s&#8217;offre les v\u00e9los dernier cris, en 1903 il poss\u00e8de une moto et il initiera Henri \u00e0 la randonn\u00e9e automobile avec chauffeur dans les derni\u00e8res ann\u00e9es de cette saga.<\/p>\n<p>Fr\u00e9d\u00e9ric s&#8217;est mari\u00e9 une premi\u00e8re fois avec <strong>Jeanne Cottance<\/strong> en 1907 avec qui il aura deux enfants, Lucie et Henri. Puis, veuf il se remariera avec <strong>Marie Arrago<\/strong> en 1926. Henri sera t\u00e9moin \u00e0 ces 2 mariages.<\/p>\n<p>[note]<\/p>\n<p><img loading=\"lazy\" decoding=\"async\" class=\"alignleft  wp-image-1485\" src=\"http:\/\/www.rv37.fr\/wp-content\/uploads\/2017\/01\/buvar-gondolo-300x180.jpg\" alt=\"\" width=\"253\" height=\"152\" srcset=\"http:\/\/www.rv37.fr\/wp-content\/uploads\/2017\/01\/buvar-gondolo-300x180.jpg 300w, http:\/\/www.rv37.fr\/wp-content\/uploads\/2017\/01\/buvar-gondolo-768x461.jpg 768w, http:\/\/www.rv37.fr\/wp-content\/uploads\/2017\/01\/buvar-gondolo-1024x615.jpg 1024w, http:\/\/www.rv37.fr\/wp-content\/uploads\/2017\/01\/buvar-gondolo-150x90.jpg 150w, http:\/\/www.rv37.fr\/wp-content\/uploads\/2017\/01\/buvar-gondolo-400x240.jpg 400w, http:\/\/www.rv37.fr\/wp-content\/uploads\/2017\/01\/buvar-gondolo.jpg 1238w\" sizes=\"auto, (max-width: 253px) 100vw, 253px\" \/><\/p>\n<p><span style=\"font-size: 12pt;\"><strong>Aucun lien entre Fr\u00e9d\u00e9ric Gondolo et les fameux biscuits.<\/strong><\/span><\/p>\n<p><span style=\"font-size: 12pt;\"><strong>Mais je n&#8217;ai pas de photo du personnage!<\/strong><\/span><\/p>\n<p>&nbsp;<\/p>\n<p>&nbsp;<\/p>\n<p>&nbsp;<\/p>\n<p>[\/note]<\/p>\n<\/div>","protected":false},"excerpt":{"rendered":"<p>Fr\u00e9d\u00e9ric GONDOLO, dit Fredi ou Fred.<\/p>\n<p>Il est le premier personnage \u00e0 appara\u00eetre dans les m\u00e9moires d&#8217;Henri d\u00e8s la premi\u00e8re balade d\u00e9crite du 6 janvier 1889. Fr\u00e9d\u00e9ric sera l&#8217;ami de toute une vie. Il n&#8217;est pas une ann\u00e9e sans qu&#8217;il n&#8217;y ait de randonn\u00e9e commune. Ils partagent le m\u00eame go\u00fbt de la bicyclette, de la [&#8230;]<\/p>\n","protected":false},"author":1,"featured_media":0,"parent":35,"menu_order":0,"comment_status":"open","ping_status":"closed","template":"","meta":{"ngg_post_thumbnail":0,"footnotes":""},"class_list":["post-46","page","type-page","status-publish","hentry","odd"],"_links":{"self":[{"href":"http:\/\/www.rv37.fr\/index.php?rest_route=\/wp\/v2\/pages\/46","targetHints":{"allow":["GET"]}}],"collection":[{"href":"http:\/\/www.rv37.fr\/index.php?rest_route=\/wp\/v2\/pages"}],"about":[{"href":"http:\/\/www.rv37.fr\/index.php?rest_route=\/wp\/v2\/types\/page"}],"author":[{"embeddable":true,"href":"http:\/\/www.rv37.fr\/index.php?rest_route=\/wp\/v2\/users\/1"}],"replies":[{"embeddable":true,"href":"http:\/\/www.rv37.fr\/index.php?rest_route=%2Fwp%2Fv2%2Fcomments&post=46"}],"version-history":[{"count":5,"href":"http:\/\/www.rv37.fr\/index.php?rest_route=\/wp\/v2\/pages\/46\/revisions"}],"predecessor-version":[{"id":1500,"href":"http:\/\/www.rv37.fr\/index.php?rest_route=\/wp\/v2\/pages\/46\/revisions\/1500"}],"up":[{"embeddable":true,"href":"http:\/\/www.rv37.fr\/index.php?rest_route=\/wp\/v2\/pages\/35"}],"wp:attachment":[{"href":"http:\/\/www.rv37.fr\/index.php?rest_route=%2Fwp%2Fv2%2Fmedia&parent=46"}],"curies":[{"name":"wp","href":"https:\/\/api.w.org\/{rel}","templated":true}]}}